{"id":9360,"date":"2018-08-29T08:11:04","date_gmt":"2018-08-29T15:11:04","guid":{"rendered":"https:\/\/www.tmcfinancing.com\/?page_id=9360"},"modified":"2024-12-18T15:35:13","modified_gmt":"2024-12-18T23:35:13","slug":"business-owners","status":"publish","type":"page","link":"https:\/\/www.tmcfinancing.com\/es\/business-owners\/","title":{"rendered":"Due\u00f1os de negocios"},"content":{"rendered":"<h1>Due\u00f1os de negocios<\/h1>\r\n<h2>La <u>backbone<\/u> of our economy.<\/h2>\r\n<p>At the core of our economy is the resilience and innovation of small businesses. These enterprises drive economic growth, create jobs, and enrich our communities with unique character and spirit.<\/p>\r\n<h4>The Essence of Small Business Owners<\/h4>\r\n<p>As a small business owner, you embody sacrifice, determination, and resilience. Your relentless dedication propels your business forward, reinvesting profits to overcome uncertainties and sustain growth. Your employees are like family, and you strive tirelessly for their well-being.<\/p>\r\n<h4>We Understand Your Journey<\/h4>\r\n<p>At TMC, we are more than a lender &#8211; we are fellow entrepreneurs. We recognize the challenges you face:<\/p>\r\n<ul>\r\n<li>Retaining valued employees and customers<\/li>\r\n<li>Overcoming limited resources<\/li>\r\n<li>Managing cash flow and demonstrating profitability<\/li>\r\n<\/ul>\r\n<h4>Unlock New Opportunities with the SBA 504 Program<\/h4>\r\n<p>Our primary goal is to help you achieve financial success, deliver exceptional work, and seize growth opportunities. The SBA 504 Program is designed to empower small businesses with the chance to own commercial real estate, offering low down payments, long-term fixed-rate financing, and numerous benefits.<\/p>\r\n<h4>Con\u00e9ctate con nosotros<\/h4>\r\n<p>Take the next step in your business journey. Let&#8217;s explore how the SBA 504 Program can help you realize your dreams. Contact us today to learn more.<\/p>\r\n<h2>como podemos ayudarte? El programa SBA 504.<\/h2>\r\n<div style=\"width: 640px;\" class=\"wp-video\"><video class=\"wp-video-shortcode\" id=\"video-9360-1\" width=\"640\" height=\"360\" preload=\"metadata\" controls=\"controls\"><source type=\"video\/mp4\" src=\"https:\/\/www.tmcfinancing.com\/wp-content\/uploads\/2021\/08\/TMC-Anna-3min-Video-Aug10-Compressed.mp4?_=1\" \/><a href=\"https:\/\/www.tmcfinancing.com\/wp-content\/uploads\/2021\/08\/TMC-Anna-3min-Video-Aug10-Compressed.mp4\">https:\/\/www.tmcfinancing.com\/wp-content\/uploads\/2021\/08\/TMC-Anna-3min-Video-Aug10-Compressed.mp4<\/a><\/video><\/div>\r\n<p><strong>Encuentre un experto en pr\u00e9stamos<br \/><\/strong><\/p>\r\n<p>&nbsp;<\/p>\r\n<p><strong>Obtenga la precalificaci\u00f3n hoy<br \/><\/strong><\/p>\r\n<p>&nbsp;<\/p>\r\n<p><strong>Calcular pagos<\/strong><\/p>\r\n<h2>Escriba un cheque.<\/h2>\r\n<p>Somos su defensor durante la vigencia del pr\u00e9stamo. Nuestro equipo de expertos lo guiar\u00e1 a trav\u00e9s del proceso de pr\u00e9stamo y seguir\u00e1 siendo su socio hasta que se cancele su pr\u00e9stamo.<\/p>\r\n<h3><a href=\"https:\/\/www.tmcfinancing.com\/es\/business-financing\/why-sba-504\/\" target=\"_self\" rel=\"noopener\">\u00bfPor qu\u00e9 elegir 504?<\/a><\/h3>\r\n<p>Los pr\u00e9stamos 504 est\u00e1n dise\u00f1ados espec\u00edficamente para propietarios de peque\u00f1as empresas.<\/p>\r\n<p><a href=\"https:\/\/www.tmcfinancing.com\/es\/business-financing\/why-sba-504\/\" target=\"_self\" rel=\"noopener\"> Aprende m\u00e1s <\/a><\/p>\r\n<h3><a href=\"https:\/\/www.tmcfinancing.com\/es\/lease-vs-own-building\/\" target=\"_self\" rel=\"noopener\">Propio vs Arrendamiento<\/a><\/h3>\r\n<p>Poseer una propiedad no es tan caro como arrendar.<\/p>\r\n<p><a href=\"https:\/\/www.tmcfinancing.com\/es\/lease-vs-own-building\/\" target=\"_self\" rel=\"noopener\"> Por qu\u00e9 poseer <\/a><\/p>\r\n<h3><a href=\"https:\/\/www.tmcfinancing.com\/es\/current-sba-504-borrowers\/\" target=\"_self\" rel=\"noopener\">Prestatarios actuales<\/a><\/h3>\r\n<p>Con\u00e9ctese con TMC y obtenga respuestas a sus preguntas.<\/p>\r\n<p><a href=\"https:\/\/www.tmcfinancing.com\/es\/current-sba-504-borrowers\/\" target=\"_self\" rel=\"noopener\"> Conectar <\/a><\/p>\r\n<h2>T\u00fa eres nuestro \u00e9xito.<\/h2>\r\n<p><a href=\"#\" data-toggle=\"modal\" data-target=\"#test-video-modal-17168\"> <img loading=\"lazy\" decoding=\"async\" src=\"\/\/www.tmcfinancing.com\/wp-content\/plugins\/a3-lazy-load\/assets\/images\/lazy_placeholder.gif\" sizes=\"auto, (max-width: 600px) 100vw, 600px\" srcset=\"\" alt=\"\" width=\"600\" height=\"480\" data-lazy-type=\"image\" data-src=\"https:\/\/www.tmcfinancing.com\/wp-content\/uploads\/2021\/04\/maria-davis-600x480.jpg\" data-srcset=\"https:\/\/www.tmcfinancing.com\/wp-content\/uploads\/2021\/04\/maria-davis-600x480.jpg 600w, https:\/\/www.tmcfinancing.com\/wp-content\/uploads\/2021\/04\/maria-davis-16x12.jpg 16w, https:\/\/www.tmcfinancing.com\/wp-content\/uploads\/2021\/04\/maria-davis-320x256.jpg 320w\" \/><img loading=\"lazy\" decoding=\"async\" src=\"https:\/\/www.tmcfinancing.com\/wp-content\/uploads\/2021\/04\/maria-davis-600x480.jpg\" sizes=\"auto, (max-width: 600px) 100vw, 600px\" srcset=\"https:\/\/www.tmcfinancing.com\/wp-content\/uploads\/2021\/04\/maria-davis-600x480.jpg 600w, https:\/\/www.tmcfinancing.com\/wp-content\/uploads\/2021\/04\/maria-davis-16x12.jpg 16w, https:\/\/www.tmcfinancing.com\/wp-content\/uploads\/2021\/04\/maria-davis-320x256.jpg 320w\" alt=\"\" width=\"600\" height=\"480\" \/> <\/a><\/p>\r\n<p>Trabajar con TMC fue genial. Me sent\u00ed muy apoyado y me guiaron en el proceso. La gente con la que trabaj\u00e9 crey\u00f3 en m\u00ed, crey\u00f3 en el proyecto.<\/p>\r\n<p>Maria Davis, Owner, St. Mary\u2019s Pub Owner of St. Mary&#8217;s Pub in Bernal Heights<\/p>\r\n<h2 id=\"test-video-modal-17168-title\">Maria Davis, Owner, St. Mary\u2019s Pub<\/h2>\r\n<p><button type=\"button\" data-dismiss=\"modal\" aria-label=\"Cerrar\"> \u00d7 <\/button> <iframe loading=\"lazy\" title=\"Reproductor de video de YouTube\" src=\"https:\/\/www.youtube.com\/embed\/2DujuobikWs\" width=\"560\" height=\"315\" frameborder=\"0\" allowfullscreen=\"allowfullscreen\"><\/iframe> <a href=\"https:\/\/www.tmcfinancing.com\/es\/testimonials\/\">M\u00e1s historias de \u00e9xito <\/a><\/p>","protected":false},"excerpt":{"rendered":"<p>Business Owners The backbone of our economy. At the core of our economy is the resilience and innovation of small businesses. These enterprises drive economic growth, create jobs, and enrich&#8230;<\/p>","protected":false},"author":12,"featured_media":15454,"parent":0,"menu_order":5,"comment_status":"closed","ping_status":"closed","template":"","meta":{"_acf_changed":false,"content-type":"","inline_featured_image":false,"footnotes":""},"class_list":["post-9360","page","type-page","status-publish","has-post-thumbnail","hentry"],"acf":[],"yoast_head":"<!-- This site is optimized with the Yoast SEO Premium plugin v21.3 (Yoast SEO v27.3) - https:\/\/yoast.com\/product\/yoast-seo-premium-wordpress\/ -->\n<title>Financing for Business Owners in Arizona, California, Hawaii, Nevada, Oregon<\/title>\n<meta name=\"description\" content=\"TMC offers affordable financing for business owners in Arizona, Hawaii, California, Nevada and Oregon. We offer loans for commercial real estate and fixed assets.\" \/>\n<meta name=\"robots\" content=\"index, follow, max-snippet:-1, max-image-preview:large, max-video-preview:-1\" \/>\n<link rel=\"canonical\" href=\"https:\/\/www.tmcfinancing.com\/es\/business-owners\/\" \/>\n<meta property=\"og:locale\" content=\"es_MX\" \/>\n<meta property=\"og:type\" content=\"article\" \/>\n<meta property=\"og:title\" content=\"Business Owners\" \/>\n<meta property=\"og:description\" content=\"TMC offers affordable financing for business owners in Arizona, Hawaii, California, Nevada and Oregon. We offer loans for commercial real estate and fixed assets.\" \/>\n<meta property=\"og:url\" content=\"https:\/\/www.tmcfinancing.com\/es\/business-owners\/\" \/>\n<meta property=\"og:site_name\" content=\"TMC Financing\" \/>\n<meta property=\"article:publisher\" content=\"http:\/\/www.facebook.com\/pages\/TMC-Financing\/285163574849957\" \/>\n<meta property=\"article:modified_time\" content=\"2024-12-18T23:35:13+00:00\" \/>\n<meta property=\"og:image\" content=\"https:\/\/www.tmcfinancing.com\/wp-content\/uploads\/2021\/03\/cropped-tmc-site-icon.png\" \/>\n\t<meta property=\"og:image:width\" content=\"512\" \/>\n\t<meta property=\"og:image:height\" content=\"512\" \/>\n\t<meta property=\"og:image:type\" content=\"image\/png\" \/>\n<meta name=\"twitter:card\" content=\"summary_large_image\" \/>\n<meta name=\"twitter:site\" content=\"@TMCFinance\" \/>\n<meta name=\"twitter:label1\" content=\"Tiempo de lectura\" \/>\n\t<meta name=\"twitter:data1\" content=\"2 minutos\" \/>\n<!-- \/ Yoast SEO Premium plugin. -->","yoast_head_json":{"title":"Financing for Business Owners in Arizona, California, Hawaii, Nevada, Oregon","description":"TMC offers affordable financing for business owners in Arizona, Hawaii, California, Nevada and Oregon. We offer loans for commercial real estate and fixed assets.","robots":{"index":"index","follow":"follow","max-snippet":"max-snippet:-1","max-image-preview":"max-image-preview:large","max-video-preview":"max-video-preview:-1"},"canonical":"https:\/\/www.tmcfinancing.com\/es\/business-owners\/","og_locale":"es_MX","og_type":"article","og_title":"Business Owners","og_description":"TMC offers affordable financing for business owners in Arizona, Hawaii, California, Nevada and Oregon. We offer loans for commercial real estate and fixed assets.","og_url":"https:\/\/www.tmcfinancing.com\/es\/business-owners\/","og_site_name":"TMC Financing","article_publisher":"http:\/\/www.facebook.com\/pages\/TMC-Financing\/285163574849957","article_modified_time":"2024-12-18T23:35:13+00:00","og_image":[{"width":512,"height":512,"url":"https:\/\/www.tmcfinancing.com\/wp-content\/uploads\/2021\/03\/cropped-tmc-site-icon.png","type":"image\/png"}],"twitter_card":"summary_large_image","twitter_site":"@TMCFinance","twitter_misc":{"Tiempo de lectura":"2 minutos"},"schema":{"@context":"https:\/\/schema.org","@graph":[{"@type":"WebPage","@id":"https:\/\/www.tmcfinancing.com\/business-owners\/","url":"https:\/\/www.tmcfinancing.com\/business-owners\/","name":"Financing for Business Owners in Arizona, California, Hawaii, Nevada, Oregon","isPartOf":{"@id":"https:\/\/www.tmcfinancing.com\/#website"},"primaryImageOfPage":{"@id":"https:\/\/www.tmcfinancing.com\/business-owners\/#primaryimage"},"image":{"@id":"https:\/\/www.tmcfinancing.com\/business-owners\/#primaryimage"},"thumbnailUrl":"https:\/\/www.tmcfinancing.com\/wp-content\/uploads\/2021\/03\/cropped-tmc-site-icon.png","datePublished":"2018-08-29T15:11:04+00:00","dateModified":"2024-12-18T23:35:13+00:00","description":"TMC offers affordable financing for business owners in Arizona, Hawaii, California, Nevada and Oregon. We offer loans for commercial real estate and fixed assets.","breadcrumb":{"@id":"https:\/\/www.tmcfinancing.com\/business-owners\/#breadcrumb"},"inLanguage":"es","potentialAction":[{"@type":"ReadAction","target":["https:\/\/www.tmcfinancing.com\/business-owners\/"]}]},{"@type":"ImageObject","inLanguage":"es","@id":"https:\/\/www.tmcfinancing.com\/business-owners\/#primaryimage","url":"https:\/\/www.tmcfinancing.com\/wp-content\/uploads\/2021\/03\/cropped-tmc-site-icon.png","contentUrl":"https:\/\/www.tmcfinancing.com\/wp-content\/uploads\/2021\/03\/cropped-tmc-site-icon.png","width":512,"height":512},{"@type":"BreadcrumbList","@id":"https:\/\/www.tmcfinancing.com\/business-owners\/#breadcrumb","itemListElement":[{"@type":"ListItem","position":1,"name":"Home","item":"https:\/\/www.tmcfinancing.com\/"},{"@type":"ListItem","position":2,"name":"Business Owners"}]},{"@type":"WebSite","@id":"https:\/\/www.tmcfinancing.com\/#website","url":"https:\/\/www.tmcfinancing.com\/","name":"Financiamiento TMC","description":"Prestamista No. 1 de la SBA 504 en la naci\u00f3n","publisher":{"@id":"https:\/\/www.tmcfinancing.com\/#organization"},"potentialAction":[{"@type":"SearchAction","target":{"@type":"EntryPoint","urlTemplate":"https:\/\/www.tmcfinancing.com\/?s={search_term_string}"},"query-input":{"@type":"PropertyValueSpecification","valueRequired":true,"valueName":"search_term_string"}}],"inLanguage":"es"},{"@type":"Organization","@id":"https:\/\/www.tmcfinancing.com\/#organization","name":"TMC Financing, Inc.","url":"https:\/\/www.tmcfinancing.com\/","logo":{"@type":"ImageObject","inLanguage":"es","@id":"https:\/\/www.tmcfinancing.com\/#\/schema\/logo\/image\/","url":"https:\/\/www.tmcfinancing.com\/wp-content\/uploads\/2015\/08\/logo.png","contentUrl":"https:\/\/www.tmcfinancing.com\/wp-content\/uploads\/2015\/08\/logo.png","width":130,"height":133,"caption":"TMC Financing, Inc."},"image":{"@id":"https:\/\/www.tmcfinancing.com\/#\/schema\/logo\/image\/"},"sameAs":["http:\/\/www.facebook.com\/pages\/TMC-Financing\/285163574849957","https:\/\/x.com\/TMCFinance","http:\/\/www.linkedin.com\/company\/57173","http:\/\/www.youtube.com\/user\/tmcfinancingTV"]}]}},"_links":{"self":[{"href":"https:\/\/www.tmcfinancing.com\/es\/wp-json\/wp\/v2\/pages\/9360","targetHints":{"allow":["GET"]}}],"collection":[{"href":"https:\/\/www.tmcfinancing.com\/es\/wp-json\/wp\/v2\/pages"}],"about":[{"href":"https:\/\/www.tmcfinancing.com\/es\/wp-json\/wp\/v2\/types\/page"}],"author":[{"embeddable":true,"href":"https:\/\/www.tmcfinancing.com\/es\/wp-json\/wp\/v2\/users\/12"}],"replies":[{"embeddable":true,"href":"https:\/\/www.tmcfinancing.com\/es\/wp-json\/wp\/v2\/comments?post=9360"}],"version-history":[{"count":0,"href":"https:\/\/www.tmcfinancing.com\/es\/wp-json\/wp\/v2\/pages\/9360\/revisions"}],"wp:featuredmedia":[{"embeddable":true,"href":"https:\/\/www.tmcfinancing.com\/es\/wp-json\/wp\/v2\/media\/15454"}],"wp:attachment":[{"href":"https:\/\/www.tmcfinancing.com\/es\/wp-json\/wp\/v2\/media?parent=9360"}],"curies":[{"name":"wp","href":"https:\/\/api.w.org\/{rel}","templated":true}]}}