{"id":897,"date":"2015-09-09T15:17:07","date_gmt":"2015-09-09T22:17:07","guid":{"rendered":"http:\/\/tmcfinancing.wpengine.com\/?page_id=897"},"modified":"2023-03-23T12:37:05","modified_gmt":"2023-03-23T19:37:05","slug":"jim-azevedo","status":"publish","type":"page","link":"https:\/\/www.tmcfinancing.com\/es\/contact\/jim-azevedo\/","title":{"rendered":"Jim Azevedo"},"content":{"rendered":"<p><img loading=\"lazy\" decoding=\"async\" src=\"\/\/www.tmcfinancing.com\/wp-content\/plugins\/a3-lazy-load\/assets\/images\/lazy_placeholder.gif\" sizes=\"auto, (max-width: 320px) 100vw, 320px\" srcset=\"\" alt=\"Jim Azevedo\" width=\"320\" height=\"320\" data-lazy-type=\"image\" data-src=\"https:\/\/www.tmcfinancing.com\/wp-content\/uploads\/2015\/08\/Jim-Acevedo.jpg\" data-srcset=\"https:\/\/www.tmcfinancing.com\/wp-content\/uploads\/2015\/08\/Jim-Acevedo.jpg 320w, https:\/\/www.tmcfinancing.com\/wp-content\/uploads\/2015\/08\/Jim-Acevedo-150x150.jpg 150w, https:\/\/www.tmcfinancing.com\/wp-content\/uploads\/2015\/08\/Jim-Acevedo-300x300.jpg 300w, https:\/\/www.tmcfinancing.com\/wp-content\/uploads\/2015\/08\/Jim-Acevedo-40x40.jpg 40w, https:\/\/www.tmcfinancing.com\/wp-content\/uploads\/2015\/08\/Jim-Acevedo-60x60.jpg 60w\" \/><img loading=\"lazy\" decoding=\"async\" src=\"https:\/\/www.tmcfinancing.com\/wp-content\/uploads\/2015\/08\/Jim-Acevedo.jpg\" sizes=\"auto, (max-width: 320px) 100vw, 320px\" srcset=\"https:\/\/www.tmcfinancing.com\/wp-content\/uploads\/2015\/08\/Jim-Acevedo.jpg 320w, https:\/\/www.tmcfinancing.com\/wp-content\/uploads\/2015\/08\/Jim-Acevedo-150x150.jpg 150w, https:\/\/www.tmcfinancing.com\/wp-content\/uploads\/2015\/08\/Jim-Acevedo-300x300.jpg 300w, https:\/\/www.tmcfinancing.com\/wp-content\/uploads\/2015\/08\/Jim-Acevedo-40x40.jpg 40w, https:\/\/www.tmcfinancing.com\/wp-content\/uploads\/2015\/08\/Jim-Acevedo-60x60.jpg 60w\" alt=\"Jim Azevedo\" width=\"320\" height=\"320\" \/><\/p>\r\n<hr \/>\r\n<p>Correo electr\u00f3nico m\u00f3vil<\/p>\r\n<p>916.873.5141<\/p>\r\n<p>Oficina<\/p>\r\n<p>916.724.5002<\/p>\r\n<p>Location 3500 Douglas Blvd Ste 130<br \/>Roseville, CA 95661 Region<\/p>\r\n<p>Sacramento, Central Valley &amp; Sierras, Northern California<\/p>\r\n<h1>Jim Azevedo<\/h1>\r\n<p>Vicepresidente senior<\/p>\r\n<hr \/>\r\n<p>Jim Azevedo es vicepresidente senior de desarrollo comercial de TMC Financing, enfocado en servir a clientes de peque\u00f1as empresas en el \u00e1rea metropolitana de Sacramento. Jim es responsable de asociarse con prestamistas y corredores en toda la regi\u00f3n de Sacramento para guiar a los propietarios de peque\u00f1as y medianas empresas a trav\u00e9s del proceso de pr\u00e9stamos SBA 504.<\/p>\r\n<p>Jim joined TMC Financing in 2012 to lead TMC&#8217;s Sacramento office. Under Jim&#8217;s leadership, TMC Financing has taken significant market share throughout the greater Sacramento region. Jim was a senior vice president and regional manager with Resource Capital from 1999 &#8211; 2012, where he was responsible for 504 loan production for the Sacramento region. Before his time with Resource Capital, Jim was in the lending industry with Westamerica Bank and US Bank. A native to the Sacramento area, Jim graduated from California State University Long Beach.<\/p>\r\n<h2>Testimonios<\/h2>\r\n<blockquote>\r\n<p>\u201cJim was a key player in helping me obtain financing to purchase my building. I had never bought a building before so Jim came in, took the reins, and guided me all the way to the finish line. He helped me find a good first lender when my other one backed out. Every time I reached out to Jim, he was there to give me the best advice. We&#8217;re a small family owned business that never had a chance to own our building but because of TMC Financing, it happened. Jim and the entire TMC team are beyond fantastic.\u201d<\/p>\r\n<\/blockquote>\r\n<blockquote>\r\n<p>-Ralph Jensen, Owner, Jensen Fasteners<\/p>\r\n<\/blockquote>\r\n<blockquote>\r\n<p>\u201cWorking with Jim Azevedo was great. I worked with at least a dozen different bankers and agents on this project and Jim was by far the most pleasant to work with. Jim seemed easy going and professional and always kept on top of the situation. I always felt that Jim was trying his hardest to achieve our goal of purchasing the property. The loan is a great help to us. Being able to secure a permanent home for our business was very important to us. We can now concentrate on running and expanding the company and not worry about the cost of rent always going up or if we were going to be forced to relocate at the end of a lease.\u201d<\/p>\r\n<\/blockquote>\r\n<blockquote>\r\n<p>-David, Bear Label Machine, Inc.<\/p>\r\n<\/blockquote>","protected":false},"excerpt":{"rendered":"<p>Email Mobile 916.873.5141 Office 916.724.5002 Location 3500 Douglas Blvd Ste 130Roseville, CA 95661 Region Sacramento, Central Valley &amp; Sierras, Northern California Jim Azevedo Senior Vice President Jim Azevedo is senior&#8230;<\/p>","protected":false},"author":2,"featured_media":0,"parent":17403,"menu_order":0,"comment_status":"closed","ping_status":"closed","template":"","meta":{"_acf_changed":false,"content-type":"","inline_featured_image":false,"footnotes":""},"class_list":["post-897","page","type-page","status-publish","hentry"],"acf":[],"yoast_head":"<!-- This site is optimized with the Yoast SEO Premium plugin v21.3 (Yoast SEO v27.4) - https:\/\/yoast.com\/product\/yoast-seo-premium-wordpress\/ -->\n<title>Jim Azevedo - Senior Vice President, TMC Financing | SBA Financing in Greater Sacramento Area<\/title>\n<meta name=\"description\" content=\"Jim Azevedo is Senior Vice President of Business Development for TMC Financing, focused on serving small business clients throughout the greater Sacramento area.\" \/>\n<meta name=\"robots\" content=\"index, follow, max-snippet:-1, max-image-preview:large, max-video-preview:-1\" \/>\n<link rel=\"canonical\" href=\"https:\/\/www.tmcfinancing.com\/es\/contact\/jim-azevedo\/\" \/>\n<meta property=\"og:locale\" content=\"es_MX\" \/>\n<meta property=\"og:type\" content=\"article\" \/>\n<meta property=\"og:title\" content=\"Jim Azevedo\" \/>\n<meta property=\"og:description\" content=\"Jim Azevedo is Senior Vice President of Business Development for TMC Financing, focused on serving small business clients throughout the greater Sacramento area.\" \/>\n<meta property=\"og:url\" content=\"https:\/\/www.tmcfinancing.com\/es\/contact\/jim-azevedo\/\" \/>\n<meta property=\"og:site_name\" content=\"TMC Financing\" \/>\n<meta property=\"article:publisher\" content=\"http:\/\/www.facebook.com\/pages\/TMC-Financing\/285163574849957\" \/>\n<meta property=\"article:modified_time\" content=\"2023-03-23T19:37:05+00:00\" \/>\n<meta property=\"og:image\" content=\"https:\/\/www.tmcfinancing.com\/wp-content\/uploads\/2015\/08\/Jim-Acevedo.jpg\" \/>\n<meta name=\"twitter:card\" content=\"summary_large_image\" \/>\n<meta name=\"twitter:site\" content=\"@TMCFinance\" \/>\n<meta name=\"twitter:label1\" content=\"Tiempo de lectura\" \/>\n\t<meta name=\"twitter:data1\" content=\"3 minutos\" \/>\n<!-- \/ Yoast SEO Premium plugin. -->","yoast_head_json":{"title":"Jim Azevedo - Senior Vice President, TMC Financing | SBA Financing in Greater Sacramento Area","description":"Jim Azevedo is Senior Vice President of Business Development for TMC Financing, focused on serving small business clients throughout the greater Sacramento area.","robots":{"index":"index","follow":"follow","max-snippet":"max-snippet:-1","max-image-preview":"max-image-preview:large","max-video-preview":"max-video-preview:-1"},"canonical":"https:\/\/www.tmcfinancing.com\/es\/contact\/jim-azevedo\/","og_locale":"es_MX","og_type":"article","og_title":"Jim Azevedo","og_description":"Jim Azevedo is Senior Vice President of Business Development for TMC Financing, focused on serving small business clients throughout the greater Sacramento area.","og_url":"https:\/\/www.tmcfinancing.com\/es\/contact\/jim-azevedo\/","og_site_name":"TMC Financing","article_publisher":"http:\/\/www.facebook.com\/pages\/TMC-Financing\/285163574849957","article_modified_time":"2023-03-23T19:37:05+00:00","og_image":[{"url":"https:\/\/www.tmcfinancing.com\/wp-content\/uploads\/2015\/08\/Jim-Acevedo.jpg","type":"","width":"","height":""}],"twitter_card":"summary_large_image","twitter_site":"@TMCFinance","twitter_misc":{"Tiempo de lectura":"3 minutos"},"schema":{"@context":"https:\/\/schema.org","@graph":[{"@type":"WebPage","@id":"https:\/\/www.tmcfinancing.com\/contact\/jim-azevedo\/","url":"https:\/\/www.tmcfinancing.com\/contact\/jim-azevedo\/","name":"Jim Azevedo - Senior Vice President, TMC Financing | SBA Financing in Greater Sacramento Area","isPartOf":{"@id":"https:\/\/www.tmcfinancing.com\/#website"},"primaryImageOfPage":{"@id":"https:\/\/www.tmcfinancing.com\/contact\/jim-azevedo\/#primaryimage"},"image":{"@id":"https:\/\/www.tmcfinancing.com\/contact\/jim-azevedo\/#primaryimage"},"thumbnailUrl":"https:\/\/www.tmcfinancing.com\/wp-content\/uploads\/2015\/08\/Jim-Acevedo.jpg","datePublished":"2015-09-09T22:17:07+00:00","dateModified":"2023-03-23T19:37:05+00:00","description":"Jim Azevedo is Senior Vice President of Business Development for TMC Financing, focused on serving small business clients throughout the greater Sacramento area.","breadcrumb":{"@id":"https:\/\/www.tmcfinancing.com\/contact\/jim-azevedo\/#breadcrumb"},"inLanguage":"es","potentialAction":[{"@type":"ReadAction","target":["https:\/\/www.tmcfinancing.com\/contact\/jim-azevedo\/"]}]},{"@type":"ImageObject","inLanguage":"es","@id":"https:\/\/www.tmcfinancing.com\/contact\/jim-azevedo\/#primaryimage","url":"https:\/\/www.tmcfinancing.com\/wp-content\/uploads\/2015\/08\/Jim-Acevedo.jpg","contentUrl":"https:\/\/www.tmcfinancing.com\/wp-content\/uploads\/2015\/08\/Jim-Acevedo.jpg"},{"@type":"BreadcrumbList","@id":"https:\/\/www.tmcfinancing.com\/contact\/jim-azevedo\/#breadcrumb","itemListElement":[{"@type":"ListItem","position":1,"name":"Home","item":"https:\/\/www.tmcfinancing.com\/"},{"@type":"ListItem","position":2,"name":"Contact","item":"https:\/\/www.tmcfinancing.com\/contact\/"},{"@type":"ListItem","position":3,"name":"Jim Azevedo"}]},{"@type":"WebSite","@id":"https:\/\/www.tmcfinancing.com\/#website","url":"https:\/\/www.tmcfinancing.com\/","name":"Financiamiento TMC","description":"Prestamista No. 1 de la SBA 504 en la naci\u00f3n","publisher":{"@id":"https:\/\/www.tmcfinancing.com\/#organization"},"potentialAction":[{"@type":"SearchAction","target":{"@type":"EntryPoint","urlTemplate":"https:\/\/www.tmcfinancing.com\/?s={search_term_string}"},"query-input":{"@type":"PropertyValueSpecification","valueRequired":true,"valueName":"search_term_string"}}],"inLanguage":"es"},{"@type":"Organization","@id":"https:\/\/www.tmcfinancing.com\/#organization","name":"TMC Financing, Inc.","url":"https:\/\/www.tmcfinancing.com\/","logo":{"@type":"ImageObject","inLanguage":"es","@id":"https:\/\/www.tmcfinancing.com\/#\/schema\/logo\/image\/","url":"https:\/\/www.tmcfinancing.com\/wp-content\/uploads\/2015\/08\/logo.png","contentUrl":"https:\/\/www.tmcfinancing.com\/wp-content\/uploads\/2015\/08\/logo.png","width":130,"height":133,"caption":"TMC Financing, Inc."},"image":{"@id":"https:\/\/www.tmcfinancing.com\/#\/schema\/logo\/image\/"},"sameAs":["http:\/\/www.facebook.com\/pages\/TMC-Financing\/285163574849957","https:\/\/x.com\/TMCFinance","http:\/\/www.linkedin.com\/company\/57173","http:\/\/www.youtube.com\/user\/tmcfinancingTV"]}]}},"_links":{"self":[{"href":"https:\/\/www.tmcfinancing.com\/es\/wp-json\/wp\/v2\/pages\/897","targetHints":{"allow":["GET"]}}],"collection":[{"href":"https:\/\/www.tmcfinancing.com\/es\/wp-json\/wp\/v2\/pages"}],"about":[{"href":"https:\/\/www.tmcfinancing.com\/es\/wp-json\/wp\/v2\/types\/page"}],"author":[{"embeddable":true,"href":"https:\/\/www.tmcfinancing.com\/es\/wp-json\/wp\/v2\/users\/2"}],"replies":[{"embeddable":true,"href":"https:\/\/www.tmcfinancing.com\/es\/wp-json\/wp\/v2\/comments?post=897"}],"version-history":[{"count":0,"href":"https:\/\/www.tmcfinancing.com\/es\/wp-json\/wp\/v2\/pages\/897\/revisions"}],"up":[{"embeddable":true,"href":"https:\/\/www.tmcfinancing.com\/es\/wp-json\/wp\/v2\/pages\/17403"}],"wp:attachment":[{"href":"https:\/\/www.tmcfinancing.com\/es\/wp-json\/wp\/v2\/media?parent=897"}],"curies":[{"name":"wp","href":"https:\/\/api.w.org\/{rel}","templated":true}]}}