{"id":7851,"date":"2018-01-03T08:11:52","date_gmt":"2018-01-03T16:11:52","guid":{"rendered":"https:\/\/www.tmcfinancing.com\/?page_id=7851"},"modified":"2025-10-21T15:01:29","modified_gmt":"2025-10-21T22:01:29","slug":"sba-504-loan-timeline-slp","status":"publish","type":"page","link":"https:\/\/www.tmcfinancing.com\/es\/sba-504-loan-timeline-slp\/","title":{"rendered":"\u00bfCu\u00e1nto tiempo se tarda en obtener un pr\u00e9stamo 504 de la SBA?"},"content":{"rendered":"<p>&nbsp;<\/p>\n<p>&nbsp;<\/p>\n<h1>\u00bfCu\u00e1nto tiempo se tarda en obtener un pr\u00e9stamo 504 de la SBA?<\/h1>\n<h2>The Timeline<\/h2>\n<p><img loading=\"lazy\" decoding=\"async\" src=\"https:\/\/www.tmcfinancing.com\/wp-content\/uploads\/2023\/08\/Colorful-Minimalist-Build-Brand-Brainstorm-1024x237.png\" alt=\"\" width=\"1024\" height=\"237\" \/><\/p>\n<h2>When you take out a loan, one of the big questions is how long it will take to get your money. TMC Financing prides itself on its fast lending times, but every loan is handled individually, so there is no one-size-fits-all answer. This flowchart will give you an idea of the steps involved in the lending process and the time each of them takes.<\/h2>\n<p><em>Timelines can vary depending on your project and current SBA loan demand. Please reach out to your TMC Financing business development officer (BDO) for current timelines. They are happy to assist you and answer your questions.\u00a0<\/em><\/p>\n<h2>PASO 1: Precalificaci\u00f3n<\/h2>\n<h4>18 \u2013 48 horas<\/h4>\n<p>Su CDC, como TMC Financing, le solicitar\u00e1 algunos formularios, incluidos tres a\u00f1os de declaraciones de impuestos personales y comerciales, un estado financiero personal y estados financieros provisionales. Despu\u00e9s de la revisi\u00f3n de TMC, puede averiguar cu\u00e1l es el <a href=\"https:\/\/www.tmcfinancing.com\/es\/sba-financing-for-business-owner\/\">Programa SBA 504<\/a> puede hacer por ti. Confirmar\u00e1 su elegibilidad, averiguar\u00e1 cu\u00e1nto puede esperar recibir y cu\u00e1nto pago inicial necesitar\u00e1, y ahorrar\u00e1 tiempo m\u00e1s tarde cuando solicite un pr\u00e9stamo 504.<\/p>\n<p>&nbsp;<\/p>\n<h2>STEP 2: Filing an application &amp; Due Diligence<\/h2>\n<h4>2-3 weeks<\/h4>\n<p>Una vez que est\u00e9 precalificado y listo para seguir adelante con su compra prevista (a menudo cuando entra en contrato), se reunir\u00e1 con su representante de TMC para repasar los t\u00e9rminos y firmar los documentos de solicitud. Su contrato de compra generalmente tendr\u00e1 una Contingencia de Financiamiento, lo que le da tiempo para obtener todas las aprobaciones de financiamiento. Muchas veces, la Contingencia de Financiamiento es de alrededor de 45 d\u00edas, pero discuta este cronograma tanto con su corredor como con el representante de TMC.<\/p>\n<p>Despu\u00e9s de completar los documentos de la solicitud, el oficial de pr\u00e9stamos de TMC se hace cargo. Nuestro oficial de pr\u00e9stamos completa toda la suscripci\u00f3n y se asegura de que la solicitud tenga todo lo que la SBA necesita. Una vez que entre en contrato, es posible que ya est\u00e9 trabajando con un prestamista participante, o TMC puede ayudarlo a encontrar el mejor para su proyecto.<\/p>\n<p>An appraisal and environmental review will be ordered on your behalf and will be submitted to the SBA for approval, along with your application package. The appraisal and environmental review are required by the SBA and your partnering lender.<\/p>\n<p>Como prestamista certificado Premier, TMC empaquetar\u00e1 su pr\u00e9stamo antes de enviarlo a la SBA para su autorizaci\u00f3n, lo que le permitir\u00e1 ahorrar un tiempo considerable.<\/p>\n<h2>STEP 3: Approval<\/h2>\n<h4>5-7 d\u00edas<\/h4>\n<p>Your application will be sent to the SBA for its approval. The SBA generally takes 5-7 days to approve or decline an application once it is received.<\/p>\n<p><em>Beginning 8\/1\/23, applications will undergo a background check by the SBA. In cases where the review identifies any irregularities, there could be a delay of up to a few weeks<\/em><\/p>\n<h2>STEP 4: Closing<\/h2>\n<h4>5-14 d\u00edas<\/h4>\n<p>\u00a1Esta es la parte emocionante del proceso en el que tomar\u00e1 posesi\u00f3n de su nueva propiedad! TMC y su prestamista asociado preparar\u00e1n los documentos del pr\u00e9stamo para enviarlos a su oficial de plica. Una vez que el oficial de plica tiene lo que necesita, usted programar\u00e1 una hora para firmar el documento final y cerrar la plica. Cada proyecto tiene plazos \u00fanicos; TMC se esfuerza por trabajar lo m\u00e1s r\u00e1pido posible para cumplir con sus plazos y cerrar cuando necesita cerrar.<\/p>\n<h2>STEP 5: Secure your long-term, below-market, fixed rate<\/h2>\n<h4>30-60 d\u00edas<\/h4>\n<p>Una vez que la solicitud de pr\u00e9stamo completa recibe la aprobaci\u00f3n de la SBA y se cierra el dep\u00f3sito en garant\u00eda, su pr\u00e9stamo se convierte en parte de la venta de obligaciones mensuales regular. Se tarda aproximadamente un mes desde que TMC env\u00eda sus documentos de financiaci\u00f3n hasta que se produce la venta de obligaciones. Cuando se complete, se le notificar\u00e1 la tasa de pr\u00e9stamo final por debajo del mercado.<\/p>\n<p>Concurrently, the loan proceeds are transferred to cover the temporary &#8220;bridge loan.&#8221; A bridge loan is used to cover the SBA portion of the loan until the debenture is funded. Once your SBA loan has funded, the bridge loan is replaced with your permanent 25-year, below-market loan. Please note: the borrower is uninvolved in this step. TMC handles this part of the process without assistance from the borrower.<\/p>\n<p>Despu\u00e9s de eso, se completa el proceso de pr\u00e9stamo 504, pero el equipo de servicio de TMC est\u00e1 disponible para responder sus preguntas o ayudarlo con los problemas de pr\u00e9stamo durante la vigencia de su pr\u00e9stamo 504.<\/p>\n<h2>STEP 6: Enjoy your building and fixed monthly occupancy costs!<\/h2>\n\u00a1El proceso ha finalizado y est\u00e1s oficialmente en camino! Recibir\u00e1 el calendario de pagos de su pr\u00e9stamo aproximadamente una semana antes de la fecha de vencimiento de su primer pago. Sus pagos deben realizarse el primer d\u00eda del mes.<br \/>\nDebido a que no hay dos pr\u00e9stamos iguales, no podemos garantizar exactamente cu\u00e1nto tiempo tomar\u00e1 proporcionar su financiamiento. Pero la mayor\u00eda de las veces toma aproximadamente 60 d\u00edas, un per\u00edodo que es comparable o mejor que la mayor\u00eda de los pr\u00e9stamos bancarios. Independientemente del tiempo que tarde, puede estar seguro de que TMC Financing est\u00e1 haciendo todo lo que est\u00e1 a su alcance para acelerar el proceso y hacer que su negocio alcance nuevas cotas de \u00e9xito.\n<p><a href=\"https:\/\/www.tmcfinancing.com\/es\/\" target=\"_blank\" rel=\"noopener\">Financiamiento TMC<\/a>\u00a0ha estado ayudando a las peque\u00f1as empresas a acceder a financiamiento de calidad para impulsar el crecimiento empresarial desde 1981. TMC es un prestamista certificado Premier de alto volumen con la SBA y podemos ayudarlo a armar el mejor paquete de financiamiento posible utilizando el pr\u00e9stamo 504. Uno de nuestros expertos en pr\u00e9stamos 504 estar\u00e1 encantado de hablar con usted sobre su proyecto y sus opciones de financiaci\u00f3n.\u00a0<a href=\"https:\/\/www.tmcfinancing.com\/es\/contact\/\" target=\"_blank\" rel=\"noopener\">P\u00f3ngase en contacto con TMC hoy<\/a><\/p>","protected":false},"excerpt":{"rendered":"<p>&nbsp; &nbsp; How Long Does It Take To Get An SBA 504 Loan? The Timeline When you take out a loan, one of the big questions is how long it&#8230;<\/p>","protected":false},"author":12,"featured_media":0,"parent":0,"menu_order":5,"comment_status":"closed","ping_status":"closed","template":"","meta":{"_acf_changed":false,"content-type":"","inline_featured_image":false,"footnotes":""},"class_list":["post-7851","page","type-page","status-publish","hentry"],"acf":[],"yoast_head":"<!-- This site is optimized with the Yoast SEO Premium plugin v21.3 (Yoast SEO v27.4) - https:\/\/yoast.com\/product\/yoast-seo-premium-wordpress\/ -->\n<title>How Long Does It Take To Get An SBA 504 Loan? | TMC Financing<\/title>\n<meta name=\"description\" content=\"How long will it take to get your SBA Loan money? TMC Financing prides itself for its fast lending times, and here is a complete timeline.\" \/>\n<meta name=\"robots\" content=\"index, follow, max-snippet:-1, max-image-preview:large, max-video-preview:-1\" \/>\n<link rel=\"canonical\" href=\"https:\/\/www.tmcfinancing.com\/es\/sba-504-loan-timeline-slp\/\" \/>\n<meta property=\"og:locale\" content=\"es_MX\" \/>\n<meta property=\"og:type\" content=\"article\" \/>\n<meta property=\"og:title\" content=\"How Long Does It Take To Get An SBA 504 Loan?\" \/>\n<meta property=\"og:description\" content=\"How long will it take to get your SBA Loan money? TMC Financing prides itself for its fast lending times, and here is a complete timeline.\" \/>\n<meta property=\"og:url\" content=\"https:\/\/www.tmcfinancing.com\/es\/sba-504-loan-timeline-slp\/\" \/>\n<meta property=\"og:site_name\" content=\"TMC Financing\" \/>\n<meta property=\"article:publisher\" content=\"http:\/\/www.facebook.com\/pages\/TMC-Financing\/285163574849957\" \/>\n<meta property=\"article:modified_time\" content=\"2025-10-21T22:01:29+00:00\" \/>\n<meta property=\"og:image\" content=\"https:\/\/www.tmcfinancing.com\/wp-content\/uploads\/2023\/08\/Colorful-Minimalist-Build-Brand-Brainstorm-1024x237.png\" \/>\n<meta name=\"twitter:card\" content=\"summary_large_image\" \/>\n<meta name=\"twitter:site\" content=\"@TMCFinance\" \/>\n<meta name=\"twitter:label1\" content=\"Tiempo de lectura\" \/>\n\t<meta name=\"twitter:data1\" content=\"5 minutos\" \/>\n<!-- \/ Yoast SEO Premium plugin. -->","yoast_head_json":{"title":"How Long Does It Take To Get An SBA 504 Loan? | TMC Financing","description":"How long will it take to get your SBA Loan money? TMC Financing prides itself for its fast lending times, and here is a complete timeline.","robots":{"index":"index","follow":"follow","max-snippet":"max-snippet:-1","max-image-preview":"max-image-preview:large","max-video-preview":"max-video-preview:-1"},"canonical":"https:\/\/www.tmcfinancing.com\/es\/sba-504-loan-timeline-slp\/","og_locale":"es_MX","og_type":"article","og_title":"How Long Does It Take To Get An SBA 504 Loan?","og_description":"How long will it take to get your SBA Loan money? TMC Financing prides itself for its fast lending times, and here is a complete timeline.","og_url":"https:\/\/www.tmcfinancing.com\/es\/sba-504-loan-timeline-slp\/","og_site_name":"TMC Financing","article_publisher":"http:\/\/www.facebook.com\/pages\/TMC-Financing\/285163574849957","article_modified_time":"2025-10-21T22:01:29+00:00","og_image":[{"url":"https:\/\/www.tmcfinancing.com\/wp-content\/uploads\/2023\/08\/Colorful-Minimalist-Build-Brand-Brainstorm-1024x237.png","type":"","width":"","height":""}],"twitter_card":"summary_large_image","twitter_site":"@TMCFinance","twitter_misc":{"Tiempo de lectura":"5 minutos"},"schema":{"@context":"https:\/\/schema.org","@graph":[{"@type":"WebPage","@id":"https:\/\/www.tmcfinancing.com\/sba-504-loan-timeline-slp\/","url":"https:\/\/www.tmcfinancing.com\/sba-504-loan-timeline-slp\/","name":"How Long Does It Take To Get An SBA 504 Loan? | TMC Financing","isPartOf":{"@id":"https:\/\/www.tmcfinancing.com\/#website"},"primaryImageOfPage":{"@id":"https:\/\/www.tmcfinancing.com\/sba-504-loan-timeline-slp\/#primaryimage"},"image":{"@id":"https:\/\/www.tmcfinancing.com\/sba-504-loan-timeline-slp\/#primaryimage"},"thumbnailUrl":"https:\/\/www.tmcfinancing.com\/wp-content\/uploads\/2023\/08\/Colorful-Minimalist-Build-Brand-Brainstorm-1024x237.png","datePublished":"2018-01-03T16:11:52+00:00","dateModified":"2025-10-21T22:01:29+00:00","description":"How long will it take to get your SBA Loan money? TMC Financing prides itself for its fast lending times, and here is a complete timeline.","breadcrumb":{"@id":"https:\/\/www.tmcfinancing.com\/sba-504-loan-timeline-slp\/#breadcrumb"},"inLanguage":"es","potentialAction":[{"@type":"ReadAction","target":["https:\/\/www.tmcfinancing.com\/sba-504-loan-timeline-slp\/"]}]},{"@type":"ImageObject","inLanguage":"es","@id":"https:\/\/www.tmcfinancing.com\/sba-504-loan-timeline-slp\/#primaryimage","url":"https:\/\/www.tmcfinancing.com\/wp-content\/uploads\/2023\/08\/Colorful-Minimalist-Build-Brand-Brainstorm-1024x237.png","contentUrl":"https:\/\/www.tmcfinancing.com\/wp-content\/uploads\/2023\/08\/Colorful-Minimalist-Build-Brand-Brainstorm-1024x237.png"},{"@type":"BreadcrumbList","@id":"https:\/\/www.tmcfinancing.com\/sba-504-loan-timeline-slp\/#breadcrumb","itemListElement":[{"@type":"ListItem","position":1,"name":"Home","item":"https:\/\/www.tmcfinancing.com\/"},{"@type":"ListItem","position":2,"name":"How Long Does It Take To Get An SBA 504 Loan?"}]},{"@type":"WebSite","@id":"https:\/\/www.tmcfinancing.com\/#website","url":"https:\/\/www.tmcfinancing.com\/","name":"Financiamiento TMC","description":"Prestamista No. 1 de la SBA 504 en la naci\u00f3n","publisher":{"@id":"https:\/\/www.tmcfinancing.com\/#organization"},"potentialAction":[{"@type":"SearchAction","target":{"@type":"EntryPoint","urlTemplate":"https:\/\/www.tmcfinancing.com\/?s={search_term_string}"},"query-input":{"@type":"PropertyValueSpecification","valueRequired":true,"valueName":"search_term_string"}}],"inLanguage":"es"},{"@type":"Organization","@id":"https:\/\/www.tmcfinancing.com\/#organization","name":"TMC Financing, Inc.","url":"https:\/\/www.tmcfinancing.com\/","logo":{"@type":"ImageObject","inLanguage":"es","@id":"https:\/\/www.tmcfinancing.com\/#\/schema\/logo\/image\/","url":"https:\/\/www.tmcfinancing.com\/wp-content\/uploads\/2015\/08\/logo.png","contentUrl":"https:\/\/www.tmcfinancing.com\/wp-content\/uploads\/2015\/08\/logo.png","width":130,"height":133,"caption":"TMC Financing, Inc."},"image":{"@id":"https:\/\/www.tmcfinancing.com\/#\/schema\/logo\/image\/"},"sameAs":["http:\/\/www.facebook.com\/pages\/TMC-Financing\/285163574849957","https:\/\/x.com\/TMCFinance","http:\/\/www.linkedin.com\/company\/57173","http:\/\/www.youtube.com\/user\/tmcfinancingTV"]}]}},"_links":{"self":[{"href":"https:\/\/www.tmcfinancing.com\/es\/wp-json\/wp\/v2\/pages\/7851","targetHints":{"allow":["GET"]}}],"collection":[{"href":"https:\/\/www.tmcfinancing.com\/es\/wp-json\/wp\/v2\/pages"}],"about":[{"href":"https:\/\/www.tmcfinancing.com\/es\/wp-json\/wp\/v2\/types\/page"}],"author":[{"embeddable":true,"href":"https:\/\/www.tmcfinancing.com\/es\/wp-json\/wp\/v2\/users\/12"}],"replies":[{"embeddable":true,"href":"https:\/\/www.tmcfinancing.com\/es\/wp-json\/wp\/v2\/comments?post=7851"}],"version-history":[{"count":0,"href":"https:\/\/www.tmcfinancing.com\/es\/wp-json\/wp\/v2\/pages\/7851\/revisions"}],"wp:attachment":[{"href":"https:\/\/www.tmcfinancing.com\/es\/wp-json\/wp\/v2\/media?parent=7851"}],"curies":[{"name":"wp","href":"https:\/\/api.w.org\/{rel}","templated":true}]}}