{"id":7041,"date":"2017-10-02T10:25:27","date_gmt":"2017-10-02T17:25:27","guid":{"rendered":"https:\/\/www.tmcfinancing.com\/\/?page_id=7041"},"modified":"2021-04-30T17:13:34","modified_gmt":"2021-05-01T00:13:34","slug":"chris-hunter","status":"publish","type":"page","link":"https:\/\/www.tmcfinancing.com\/es\/contact\/chris-hunter\/","title":{"rendered":"Chris Hunter"},"content":{"rendered":"<img decoding=\"async\" width=\"256\" height=\"320\" src=\"\/\/www.tmcfinancing.com\/wp-content\/plugins\/a3-lazy-load\/assets\/images\/lazy_placeholder.gif\" data-lazy-type=\"image\" data-src=\"https:\/\/www.tmcfinancing.com\/wp-content\/uploads\/2015\/04\/IMG_3686.jpg\" alt=\"\" loading=\"lazy\" srcset=\"\" data-srcset=\"https:\/\/www.tmcfinancing.com\/wp-content\/uploads\/2015\/04\/IMG_3686.jpg 2400w, https:\/\/www.tmcfinancing.com\/wp-content\/uploads\/2015\/04\/IMG_3686-240x300.jpg 240w, https:\/\/www.tmcfinancing.com\/wp-content\/uploads\/2015\/04\/IMG_3686-768x960.jpg 768w, https:\/\/www.tmcfinancing.com\/wp-content\/uploads\/2015\/04\/IMG_3686-819x1024.jpg 819w\" sizes=\"auto, (max-width: 256px) 100vw, 256px\" \/><img decoding=\"async\" width=\"256\" height=\"320\" src=\"https:\/\/www.tmcfinancing.com\/wp-content\/uploads\/2015\/04\/IMG_3686.jpg\" alt=\"\" loading=\"lazy\" srcset=\"https:\/\/www.tmcfinancing.com\/wp-content\/uploads\/2015\/04\/IMG_3686.jpg 2400w, https:\/\/www.tmcfinancing.com\/wp-content\/uploads\/2015\/04\/IMG_3686-240x300.jpg 240w, https:\/\/www.tmcfinancing.com\/wp-content\/uploads\/2015\/04\/IMG_3686-768x960.jpg 768w, https:\/\/www.tmcfinancing.com\/wp-content\/uploads\/2015\/04\/IMG_3686-819x1024.jpg 819w\" sizes=\"auto, (max-width: 256px) 100vw, 256px\" \/>\t\t\t\t\t\t<hr \/>\n\t\t\t\t\t\t\t\t\t\t\t\t\tEmail\n\t\t\t\t\t\t\t\n\t\t\t\t\t\t\t\t\t\t\t\t\tMobile\n\t\t\t\t\t\t\t<p>702.469.6077<\/p>\n\t\t\t\t\t\t\t\t\t\t\t\t\tOficina\n\t\t\t\t\t\t\t<p>888.989.8855<\/p>\n\t\t\t\t\t\t\t\t\t\t\t\t\tLinkedIn\n\t\t\t\t\t\t\t\n\t\t\t\t\t\t\t\t\t\t\t\t\tLocation\n\t\t\t\t\t\t\t10161 Park Run Drive, Suite 150<br \/>\nLas Vegas, NV 89145\n\t\t\t\t\t\t\t\t\t\t\t\t\tRegion\n\t\t\t\t\t\t\t<p>Nevada<\/p>\n\t\t\t\t\t\t<h1>Christopher Hunter<\/h1>\n\t\t\t\t\t\t<p>Vicepresidente senior<\/p>\n\t\t\t\t\t\t\t\t\t\t\t\t\t<hr \/>\n\t\t\t\t\t\t\t<p>Christopher Hunter es vicepresidente senior de desarrollo comercial de TMC Financing, y se concentra en el \u00e1rea de mercado del Gran Las Vegas. Chris trabaja con prestamistas de bienes ra\u00edces comerciales para brindar servicios a los propietarios de peque\u00f1as empresas a trav\u00e9s del Programa de pr\u00e9stamos 504 de la SBA.<\/p>\n<p>Chris leads TMC&#8217;s Southern Nevada team, which has become a leader in SBA 504 lending. TMC has been the No. 1 SBA 504 lender in Clark County for five out of the past 10 years.<\/p>\n<p>Con 20 a\u00f1os de experiencia en la industria, Chris es un experto en financiamiento 504. A trav\u00e9s de la educaci\u00f3n y las consultas, Chris brinda a las peque\u00f1as y medianas empresas opciones de financiamiento asequibles que les permiten comprar el edificio en el que opera su negocio, lo que les permite controlar sus costos de ocupaci\u00f3n y su futuro. Chris es un defensor de las peque\u00f1as empresas y el desarrollo econ\u00f3mico con experiencia en todas las facetas del proceso de pr\u00e9stamo. Desde el desarrollo comercial hasta el cierre, el servicio y la liquidaci\u00f3n, Chris tiene la experiencia para servir mejor a sus clientes.<\/p>\n<p>Antes de unirse a TMC, Chris fue vicepresidente de desarrollo comercial en Nevada State Development Company, donde inici\u00f3 relaciones, trabaj\u00f3 en estrecha colaboraci\u00f3n con los oficiales de pr\u00e9stamos, analiz\u00f3 las solicitudes de pr\u00e9stamos y comercializ\u00f3 el programa de pr\u00e9stamos 504. Chris tambi\u00e9n ha trabajado como oficial de pr\u00e9stamos para SouthwestUSA Bank y como oficial de desarrollo comercial y administrador de servicios para Mountain West Small Business Finance.<\/p>\n<p>Chris graduated from the University of Utah-Salt Lake City with a Bachelor&#8217;s of Science degree in business administration.<\/p>\n<h2>Testimonios<\/h2>\n<blockquote><p>Trabajar con Chris no podr\u00eda haber sido m\u00e1s f\u00e1cil para m\u00ed. Seguro que es el tipo financiero m\u00e1s relajado con el que he trabajado. 100% el mejor. Est\u00e1 muy bien informado y va al grano.<\/p><\/blockquote>\n<p>-Michael Eby, owner of EBY Iron Designs<\/p>\n<blockquote><p>El pr\u00e9stamo SBA 504 que recibimos a trav\u00e9s de TMC Financing nos brind\u00f3 la capacidad de expandir nuestro negocio a un \u00e1rea con una gran econom\u00eda y demanda de nuestros servicios. Chris Hunter y su equipo hicieron que el proceso fuera r\u00e1pido y f\u00e1cil y ofrecieron un paquete con tasas de inter\u00e9s muy atractivas. Dado que es un prestamista aprobado por la SBA, el proceso se complet\u00f3 mucho m\u00e1s r\u00e1pido de lo que esperaba.<\/p><\/blockquote>\n<p>-David Frohnen, Owner, Silver State Analytical Laboratories<\/p>\n<blockquote>\n<p>Chris Hunter y TMC fueron de gran ayuda. Me ayudaron a cerrar este trato e hicieron realidad mis sue\u00f1os ayud\u00e1ndome a hacerlo realidad.<\/p>\n<\/blockquote>\n<p>-Nicolette Tucker, Owner, NY Hair Company<\/p>","protected":false},"excerpt":{"rendered":"<p>Email Mobile 702.469.6077 Office 888.989.8855 LinkedIn Location 10161 Park Run Drive, Suite 150 Las Vegas, NV 89145 Region Nevada Christopher Hunter Senior Vice President Christopher Hunter is a senior vice&#8230;<\/p>","protected":false},"author":12,"featured_media":0,"parent":17403,"menu_order":0,"comment_status":"closed","ping_status":"closed","template":"","meta":{"_acf_changed":false,"content-type":"","inline_featured_image":false,"footnotes":""},"class_list":["post-7041","page","type-page","status-publish","hentry"],"acf":[],"yoast_head":"<!-- This site is optimized with the Yoast SEO Premium plugin v21.3 (Yoast SEO v27.3) - https:\/\/yoast.com\/product\/yoast-seo-premium-wordpress\/ -->\n<title>Chris Hunter - Senior Vice President, TMC Financing | SBA Financing in Nevada<\/title>\n<meta name=\"description\" content=\"Get in touch with Chris Hunter from TMC Financing, who has 18+ years of experience and specializes in SBA 504 loans for small businesses in Nevada.\" \/>\n<meta name=\"robots\" content=\"index, follow, max-snippet:-1, max-image-preview:large, max-video-preview:-1\" \/>\n<link rel=\"canonical\" href=\"https:\/\/www.tmcfinancing.com\/es\/contact\/chris-hunter\/\" \/>\n<meta property=\"og:locale\" content=\"es_MX\" \/>\n<meta property=\"og:type\" content=\"article\" \/>\n<meta property=\"og:title\" content=\"Chris Hunter\" \/>\n<meta property=\"og:description\" content=\"Get in touch with Chris Hunter from TMC Financing, who has 18+ years of experience and specializes in SBA 504 loans for small businesses in Nevada.\" \/>\n<meta property=\"og:url\" content=\"https:\/\/www.tmcfinancing.com\/es\/contact\/chris-hunter\/\" \/>\n<meta property=\"og:site_name\" content=\"TMC Financing\" \/>\n<meta property=\"article:publisher\" content=\"http:\/\/www.facebook.com\/pages\/TMC-Financing\/285163574849957\" \/>\n<meta property=\"article:modified_time\" content=\"2021-05-01T00:13:34+00:00\" \/>\n<meta property=\"og:image\" content=\"https:\/\/www.tmcfinancing.com\/wp-content\/uploads\/2015\/04\/IMG_3686.jpg\" \/>\n<meta name=\"twitter:card\" content=\"summary_large_image\" \/>\n<meta name=\"twitter:site\" content=\"@TMCFinance\" \/>\n<!-- \/ Yoast SEO Premium plugin. -->","yoast_head_json":{"title":"Chris Hunter - Senior Vice President, TMC Financing | SBA Financing in Nevada","description":"Get in touch with Chris Hunter from TMC Financing, who has 18+ years of experience and specializes in SBA 504 loans for small businesses in Nevada.","robots":{"index":"index","follow":"follow","max-snippet":"max-snippet:-1","max-image-preview":"max-image-preview:large","max-video-preview":"max-video-preview:-1"},"canonical":"https:\/\/www.tmcfinancing.com\/es\/contact\/chris-hunter\/","og_locale":"es_MX","og_type":"article","og_title":"Chris Hunter","og_description":"Get in touch with Chris Hunter from TMC Financing, who has 18+ years of experience and specializes in SBA 504 loans for small businesses in Nevada.","og_url":"https:\/\/www.tmcfinancing.com\/es\/contact\/chris-hunter\/","og_site_name":"TMC Financing","article_publisher":"http:\/\/www.facebook.com\/pages\/TMC-Financing\/285163574849957","article_modified_time":"2021-05-01T00:13:34+00:00","og_image":[{"url":"https:\/\/www.tmcfinancing.com\/wp-content\/uploads\/2015\/04\/IMG_3686.jpg","type":"","width":"","height":""}],"twitter_card":"summary_large_image","twitter_site":"@TMCFinance","schema":{"@context":"https:\/\/schema.org","@graph":[{"@type":"WebPage","@id":"https:\/\/www.tmcfinancing.com\/contact\/chris-hunter\/","url":"https:\/\/www.tmcfinancing.com\/contact\/chris-hunter\/","name":"Chris Hunter - Senior Vice President, TMC Financing | SBA Financing in Nevada","isPartOf":{"@id":"https:\/\/www.tmcfinancing.com\/#website"},"primaryImageOfPage":{"@id":"https:\/\/www.tmcfinancing.com\/contact\/chris-hunter\/#primaryimage"},"image":{"@id":"https:\/\/www.tmcfinancing.com\/contact\/chris-hunter\/#primaryimage"},"thumbnailUrl":"https:\/\/www.tmcfinancing.com\/wp-content\/uploads\/2015\/04\/IMG_3686.jpg","datePublished":"2017-10-02T17:25:27+00:00","dateModified":"2021-05-01T00:13:34+00:00","description":"Get in touch with Chris Hunter from TMC Financing, who has 18+ years of experience and specializes in SBA 504 loans for small businesses in Nevada.","breadcrumb":{"@id":"https:\/\/www.tmcfinancing.com\/contact\/chris-hunter\/#breadcrumb"},"inLanguage":"es","potentialAction":[{"@type":"ReadAction","target":["https:\/\/www.tmcfinancing.com\/contact\/chris-hunter\/"]}]},{"@type":"ImageObject","inLanguage":"es","@id":"https:\/\/www.tmcfinancing.com\/contact\/chris-hunter\/#primaryimage","url":"https:\/\/www.tmcfinancing.com\/wp-content\/uploads\/2015\/04\/IMG_3686.jpg","contentUrl":"https:\/\/www.tmcfinancing.com\/wp-content\/uploads\/2015\/04\/IMG_3686.jpg"},{"@type":"BreadcrumbList","@id":"https:\/\/www.tmcfinancing.com\/contact\/chris-hunter\/#breadcrumb","itemListElement":[{"@type":"ListItem","position":1,"name":"Home","item":"https:\/\/www.tmcfinancing.com\/"},{"@type":"ListItem","position":2,"name":"Contact","item":"https:\/\/www.tmcfinancing.com\/contact\/"},{"@type":"ListItem","position":3,"name":"Chris Hunter"}]},{"@type":"WebSite","@id":"https:\/\/www.tmcfinancing.com\/#website","url":"https:\/\/www.tmcfinancing.com\/","name":"Financiamiento TMC","description":"Prestamista No. 1 de la SBA 504 en la naci\u00f3n","publisher":{"@id":"https:\/\/www.tmcfinancing.com\/#organization"},"potentialAction":[{"@type":"SearchAction","target":{"@type":"EntryPoint","urlTemplate":"https:\/\/www.tmcfinancing.com\/?s={search_term_string}"},"query-input":{"@type":"PropertyValueSpecification","valueRequired":true,"valueName":"search_term_string"}}],"inLanguage":"es"},{"@type":"Organization","@id":"https:\/\/www.tmcfinancing.com\/#organization","name":"TMC Financing, Inc.","url":"https:\/\/www.tmcfinancing.com\/","logo":{"@type":"ImageObject","inLanguage":"es","@id":"https:\/\/www.tmcfinancing.com\/#\/schema\/logo\/image\/","url":"https:\/\/www.tmcfinancing.com\/wp-content\/uploads\/2015\/08\/logo.png","contentUrl":"https:\/\/www.tmcfinancing.com\/wp-content\/uploads\/2015\/08\/logo.png","width":130,"height":133,"caption":"TMC Financing, Inc."},"image":{"@id":"https:\/\/www.tmcfinancing.com\/#\/schema\/logo\/image\/"},"sameAs":["http:\/\/www.facebook.com\/pages\/TMC-Financing\/285163574849957","https:\/\/x.com\/TMCFinance","http:\/\/www.linkedin.com\/company\/57173","http:\/\/www.youtube.com\/user\/tmcfinancingTV"]}]}},"_links":{"self":[{"href":"https:\/\/www.tmcfinancing.com\/es\/wp-json\/wp\/v2\/pages\/7041","targetHints":{"allow":["GET"]}}],"collection":[{"href":"https:\/\/www.tmcfinancing.com\/es\/wp-json\/wp\/v2\/pages"}],"about":[{"href":"https:\/\/www.tmcfinancing.com\/es\/wp-json\/wp\/v2\/types\/page"}],"author":[{"embeddable":true,"href":"https:\/\/www.tmcfinancing.com\/es\/wp-json\/wp\/v2\/users\/12"}],"replies":[{"embeddable":true,"href":"https:\/\/www.tmcfinancing.com\/es\/wp-json\/wp\/v2\/comments?post=7041"}],"version-history":[{"count":0,"href":"https:\/\/www.tmcfinancing.com\/es\/wp-json\/wp\/v2\/pages\/7041\/revisions"}],"up":[{"embeddable":true,"href":"https:\/\/www.tmcfinancing.com\/es\/wp-json\/wp\/v2\/pages\/17403"}],"wp:attachment":[{"href":"https:\/\/www.tmcfinancing.com\/es\/wp-json\/wp\/v2\/media?parent=7041"}],"curies":[{"name":"wp","href":"https:\/\/api.w.org\/{rel}","templated":true}]}}