{"id":12823,"date":"2020-05-27T13:27:54","date_gmt":"2020-05-27T20:27:54","guid":{"rendered":"https:\/\/www.tmcfinancing.com\/?page_id=12823"},"modified":"2025-01-07T07:08:58","modified_gmt":"2025-01-07T15:08:58","slug":"small-business-resources","status":"publish","type":"page","link":"https:\/\/www.tmcfinancing.com\/es\/small-business-resources\/","title":{"rendered":"Recursos para peque\u00f1as empresas"},"content":{"rendered":"<h1>\n\t\tRecursos gratuitos para peque\u00f1as empresas\n\t<\/h1>\n<h2>\n\t\t<u>Conocimiento<\/u> es poder\n\t<\/h2>\n\t<p>Los propietarios de peque\u00f1as empresas pasan sus d\u00edas concentr\u00e1ndose en su especialidad particular, pero hay una cosa que tienen en com\u00fan: todos tienen que lidiar con una serie de problemas similares de la fuerza laboral.<\/p>\n<h3>\n\t\tSalta a\u2026\n\t<\/h3>\n<h2>\n\t\tNuestros 3 recursos principales que todo propietario de una peque\u00f1a empresa debe utilizar\n\t<\/h2>\n\t\t\t\t<a href=\"https:\/\/sba.gov\/\" target=\"_blank\" rel=\"noopener\" itemprop=\"url\">\n\t\t\t\t<img loading=\"lazy\" decoding=\"async\" src=\"https:\/\/www.tmcfinancing.com\/wp-content\/uploads\/2021\/05\/sba.png\" alt=\"sba\" itemprop=\"image\" height=\"290\" width=\"500\" title=\"sba\" onerror=\"this.style.display='none'\"  \/>\n\t\t\t\t<\/a>\n<h3><a href=\"https:\/\/sba.gov\/\" target=\"_blank\" rel=\"noopener\">La Administraci\u00f3n de Peque\u00f1as Empresas (SBA)<\/a><\/h3><p>La SBA ofrece una gran cantidad de consejos sobre la planificaci\u00f3n, el lanzamiento, la administraci\u00f3n y el crecimiento de una peque\u00f1a empresa. Ofrecen una gu\u00eda \u00fatil para redactar su plan de negocios. La secci\u00f3n Cree su plan de negocios de la SBA de su sitio web es un excelente lugar para comenzar al redactar su plan de negocios. Este recurso gratuito lo guiar\u00e1 a trav\u00e9s de cada secci\u00f3n, indic\u00e1ndole qu\u00e9 incluir y c\u00f3mo hacer que se destaque.<\/p>\n\t\t\t<a href=\"https:\/\/sba.gov\/\" target=\"_blank\" rel=\"noopener\">\n\t\t\t\t\t\t\tVisite la SBA\n\t\t\t\t\t<\/a>\n\t\t\t\t<a href=\"https:\/\/americassbdc.org\/\" target=\"_blank\" rel=\"noopener\" itemprop=\"url\">\n\t\t\t\t<img loading=\"lazy\" decoding=\"async\" src=\"https:\/\/www.tmcfinancing.com\/wp-content\/uploads\/2021\/05\/sbdc.png\" alt=\"sbdc\" itemprop=\"image\" height=\"290\" width=\"500\" title=\"sbdc\" onerror=\"this.style.display='none'\"  \/>\n\t\t\t\t<\/a>\n<h3><a href=\"https:\/\/americassbdc.org\/\" target=\"_blank\" rel=\"noopener\">Centro de desarrollo de peque\u00f1as empresas (SBDC)<\/a><\/h3><p>Cada estado tiene su propio centro de desarrollo de peque\u00f1as empresas, que es un recurso gratuito muy valioso para los propietarios y emprendedores de peque\u00f1as empresas. Los recursos var\u00edan seg\u00fan la ubicaci\u00f3n, pero generalmente incluyen cosas como asistencia con la planificaci\u00f3n comercial, acceso a financiamiento, servicios de asesoramiento y clases.<\/p>\n\t\t\t<a href=\"https:\/\/americassbdc.org\/\" target=\"_blank\" rel=\"noopener\">\n\t\t\t\t\t\t\tVisite SBDC\n\t\t\t\t\t<\/a>\n\t\t\t\t<a href=\"https:\/\/score.org\/\" target=\"_blank\" rel=\"noopener\" itemprop=\"url\">\n\t\t\t\t<img loading=\"lazy\" decoding=\"async\" src=\"https:\/\/www.tmcfinancing.com\/wp-content\/uploads\/2021\/05\/score.png\" alt=\"score\" itemprop=\"image\" height=\"290\" width=\"500\" title=\"puntaje\" onerror=\"this.style.display='none'\"  \/>\n\t\t\t\t<\/a>\n<h3><a href=\"https:\/\/score.org\/\" target=\"_blank\" rel=\"noopener\">PUNTAJE<\/a><\/h3><p>La red m\u00e1s grande del pa\u00eds de mentores de negocios expertos dedicados a ayudar a las peque\u00f1as empresas a despegar, crecer y alcanzar sus metas. Desde 1964, hemos brindado educaci\u00f3n y tutor\u00eda a m\u00e1s de 11 millones de emprendedores. La p\u00e1gina del Plan de negocios de SCORE es otro recurso fant\u00e1stico y gratuito para peque\u00f1as empresas cargado de podcasts y talleres de negocios en l\u00ednea. Tambi\u00e9n se ofrece tutor\u00eda gratuita, tanto en persona como por correo electr\u00f3nico.<\/p>\n\t\t\t<a href=\"https:\/\/score.org\/\" target=\"_blank\" rel=\"noopener\">\n\t\t\t\t\t\t\tVisita Puntuaci\u00f3n\n\t\t\t\t\t<\/a>\n<h2>\n\t\t<u>Servicial<\/u> Recursos para peque\u00f1as empresas\n\t<\/h2>\n\t<h4><a href=\"https:\/\/www.ibank.ca.gov\/small-business-finance-center\/\">Centro de finanzas para peque\u00f1as empresas (SBFC)<\/a><\/h4>\n<p>El SBFC ayuda a las empresas a crear y conservar puestos de trabajo y fomenta la inversi\u00f3n en comunidades de ingresos bajos a moderados. El SBFC tiene varios programas para apoyar a las peque\u00f1as empresas, que incluyen una garant\u00eda de pr\u00e9stamo de ayuda en caso de desastre, un programa de pr\u00e9stamos Jump Start y m\u00e1s.<\/p>\n<hr \/>\n<h4><a href=\"https:\/\/www.rencenter.org\/\">Centro de emprendimiento renacentista<\/a><\/h4>\n<p>Desde el inicio hasta la planificaci\u00f3n comercial, el acceso a capital y recursos, y la asistencia continua que requieren las empresas en crecimiento, Renaissance impulsa la vitalidad de la comunidad al empoderar a las personas desatendidas en el \u00c1rea de la Bah\u00eda para iniciar negocios que traen puestos de trabajo, car\u00e1cter y salud econ\u00f3mica sostenible a la poblaci\u00f3n local. econom\u00eda.<\/p>\n<hr \/>\n<h4><a href=\"https:\/\/www.smallbusinesses.org\/\">SmallBusinesses.org<\/a><\/h4>\n<p>SmallBusinesses.org ofrece a los propietarios de peque\u00f1as empresas y empresarios una plataforma en l\u00ednea donde pueden encontrar f\u00e1cilmente respuestas a todas sus preguntas relacionadas con el negocio.<\/p>\n<hr \/>\n<h4><a href=\"https:\/\/smallbiztrends.com\/\">Tendencias de la peque\u00f1a empresa<\/a><\/h4>\n<p>Una publicaci\u00f3n en l\u00ednea galardonada para propietarios de peque\u00f1as empresas, empresarios y las personas que interact\u00faan con ellos.<\/p>\n<hr \/>\n<h4><a href=\"https:\/\/score.org\/\">C \u00aa<\/a><\/h4>\n<p>Inc ofrece cientos de art\u00edculos y gu\u00edas que ofrecen todo lo que necesita para iniciar y hacer crecer su peque\u00f1a empresa. Ofrecen todo lo que necesita para iniciar y hacer crecer su peque\u00f1a empresa.<\/p>\n<hr \/>\n<h4><a href=\"https:\/\/www.theselfemployed.com\/\">El auto empleado<\/a><\/h4>\n<p>Creado por Steve Strauss, columnista de peque\u00f1as empresas de USA Today y autor de bestsellers de The Small Business Bible. Proporciona muchos consejos excelentes para emprendedores individuales, en particular, sobre la puesta en marcha, b\u00fasqueda de clientes, seguros e impuestos.<\/p>\n<hr \/>\n<h4><a href=\"https:\/\/www.entrepreneur.com\/\">Empresario<\/a><\/h4>\n<p>Entrepreneur tiene una gran cantidad de art\u00edculos, planes de negocios, seminarios web, consejos de podcasts y conocimientos para emprendedores establecidos y aspirantes en todo el mundo.<\/p>\n<hr \/>\n<h4><a href=\"https:\/\/www.shopkeep.com\/\">Peque\u00f1a empresa 101<\/a><\/h4>\n<p>Cargado con informaci\u00f3n y herramientas para cada uno de los siguientes temas: inspiraci\u00f3n, planificaci\u00f3n, estructura, finanzas, regulaciones, seguros, ubicaci\u00f3n, dise\u00f1o de tienda, equipo, inventario, personal, marketing y estrategias de crecimiento y salida.<\/p>\n<hr \/>\n<h4><a href=\"https:\/\/www.coursera.org\/\">Coursera <\/a><\/h4>\n<p>Coursera te ayuda a desarrollar habilidades con cursos, certificados y t\u00edtulos en l\u00ednea de universidades y empresas de primer nivel. Tienen muchos cursos para ayudar a los propietarios de peque\u00f1as empresas, tales como: Fundamentos empresariales, Publicidad digital, Contabilidad financiera, Gesti\u00f3n de la empresa del futuro, Emprendimiento y muchos m\u00e1s.<\/p>\n<h2>\n\t\tNecesitar <u>financiaci\u00f3n<\/u>?\n\t<\/h2>\n\t<h4><a href=\"https:\/\/www.tmcfinancing.com\/es\/\">Financiamiento TMC<\/a><\/h4>\n<p>TMC Financing administers <a href=\"https:\/\/www.tmcfinancing.com\/es\/business-financing\/why-sba-504\/\">Pr\u00e9stamos para bienes ra\u00edces comerciales SBA 504<\/a> to help small business owners purchase a home for their business. SBA 504 loans feature:<\/p>\n<ul>\n<li>Low down payments starting at 10%<\/li>\n<li>Below-market interest rate fixed for 25 years.<\/li>\n<\/ul>\n<p>TMC Financing also offers a <a href=\"https:\/\/www.tmcfinancing.com\/es\/business-financing\/sba-community-advantage-loans\/\">Pr\u00e9stamo Community Advantage<\/a>,\u00a0an affordable financing option designed to help small business owners at any stage in their business. The loan can be used to purchase inventory or equipment, for working capital, tenant improvements, or other business expenses.<\/p>\n<ul>\n<li>Minimum loan amount\u00a0$50,000 to maximum loan amount $350,000<\/li>\n<li>Loan term of 7-25 years, depending on the use of funds<\/li>\n<\/ul>\n<h4><strong><a href=\"https:\/\/www.tmccommunitycapital.org\/\">Capital de la comunidad TMC<\/a><\/strong><\/h4>\n<p>Affordable online microloans for under served business owners, with a particular focus on women-owned businesses.<\/p>\n<p>&nbsp;<\/p>\n<h2>\n\t\tRecursos adicionales para peque\u00f1as empresas\n\t<\/h2>\n\t\t\t\t\t<a href=\"#\" id=\"fl-accordion--label-0\" tabindex=\"0\" aria-controls=\"fl-accordion--panel-0\">Recursos para su presencia en l\u00ednea<\/a>\n\t\t\t\t\t\t\t\t\t\t\t<a href=\"#\" id=\"fl-accordion--icon-0\" tabindex=\"-1\"><i title=\"Expandir\">Expandir<\/i><\/a>\n\t\t\t\t\t<strong><a href=\"http:\/\/website.grader.com\/\">Calificador de sitios web de Hubspot<\/a><\/strong><br \/>\nExamina criterios importantes como SEO, optimizaci\u00f3n m\u00f3vil y seguridad, y luego entrega una calificaci\u00f3n del 1 al 100 en solo unos segundos. Website Grader le permite saber qu\u00e9 est\u00e1 haciendo bien y qu\u00e9 \u00e1reas de su sitio necesitan atenci\u00f3n.\n<hr \/>\n<strong><a href=\"https:\/\/www.google.com\/business\/\">Google mi negocio<\/a><\/strong><br \/>\nGoogle ofrece a las empresas un perfil gratuito para ayudarlo a conectarse con sus clientes. Use Google My Business para publicar informaci\u00f3n sobre horarios, ubicaci\u00f3n y precios, y comparta im\u00e1genes e incluso un recorrido virtual, todo lo cual luego se mostrar\u00e1 a su audiencia en los resultados de b\u00fasqueda de Google.\n<hr \/>\n<strong><a href=\"https:\/\/www.yelp.com\/\">Ga\u00f1ido<\/a><\/strong><br \/>\nEl hecho de que no haya creado una p\u00e1gina para su empresa no significa que no est\u00e9 all\u00ed con rese\u00f1as. Reclame su perfil comercial gratuito de Yelp para publicar im\u00e1genes e informaci\u00f3n comercial, ver lo que los clientes dicen sobre usted y responder a sus revisores, tanto los satisfechos como los insatisfechos.\n<hr \/>\n<strong><a href=\"https:\/\/analytics.google.com\/analytics\/web\/\">Google analitico<\/a><\/strong><br \/>\nGoogle ofrece incre\u00edbles herramientas de an\u00e1lisis gratuitas que ayudan a los propietarios de peque\u00f1as empresas a determinar qu\u00e9 funciona en su plan de marketing y a obtener informaci\u00f3n sobre su tr\u00e1fico web.\n<hr \/>\n<strong><a href=\"http:\/\/www.yoast.com\/\">Yoast<\/a><\/strong><br \/>\nes un complemento de optimizaci\u00f3n SEO gratuito para el blog. Suele utilizarse en complementos de WordPress. Es el complemento de WordPress m\u00e1s popular y una herramienta valiosa que puede utilizar.\n<strong><a href=\"http:\/\/www.yoast.com\/\">Hootsuite<\/a><\/strong><br \/>\nHerramienta de administraci\u00f3n de redes sociales gratuita que le permite programar y monitorear la actividad de las redes sociales de manera efectiva. El plan gratuito incluye 3 perfiles y 30 mensajes programados por mes\n\t\t\t\t\t<a href=\"#\" id=\"fl-accordion--label-1\" tabindex=\"0\" aria-controls=\"fl-accordion--panel-1\">Recursos para la comunicaci\u00f3n<\/a>\n\t\t\t\t\t\t\t\t\t\t\t<a href=\"#\" id=\"fl-accordion--icon-1\" tabindex=\"-1\"><i title=\"Expandir\">Expandir<\/i><\/a>\n\t\t\t\t\t<strong><a href=\"http:\/\/www.mailchimp.com\/\">MailChimp<\/a><\/strong><br \/>\nHerramienta de administraci\u00f3n de redes sociales gratuita que le permite programar y monitorear la actividad de las redes sociales de manera efectiva. El plan gratuito incluye 3 perfiles y 30 mensajes programados por mes.\n<hr \/>\n<strong><a href=\"http:\/\/www.surveymonkey.com\/\">Mono encuesta<\/a><\/strong><br \/>\nHerramienta de administraci\u00f3n de redes sociales gratuita que le permite programar y monitorear la actividad de las redes sociales de manera efectiva. El plan gratuito incluye 3 perfiles y 30 mensajes programados por mes.\n<hr \/>\n<strong><a href=\"http:\/\/zoom.us\/\">Zoom<\/a><\/strong><br \/>\nHerramienta de administraci\u00f3n de redes sociales gratuita que le permite programar y monitorear la actividad de las redes sociales de manera efectiva. El plan gratuito incluye 3 perfiles y 30 mensajes programados por mes.\n<hr \/>\n<strong><a href=\"https:\/\/apps.google.com\/meet\/\">Reuni\u00f3n de Google<\/a><\/strong><br \/>\nUna reuni\u00f3n en tiempo real de Google. Usando su navegador, comparta su video, escritorio y presentaciones con compa\u00f1eros de equipo y clientes.\n\t\t\t\t\t<a href=\"#\" id=\"fl-accordion--label-2\" tabindex=\"0\" aria-controls=\"fl-accordion--panel-2\">Recursos creativos<\/a>\n\t\t\t\t\t\t\t\t\t\t\t<a href=\"#\" id=\"fl-accordion--icon-2\" tabindex=\"-1\"><i title=\"Expandir\">Expandir<\/i><\/a>\n\t\t\t\t\t<strong><a href=\"https:\/\/burst.shopify.com\/\">R\u00e1faga<\/a><\/strong><br \/>\nUna plataforma de fotos de archivo gratuita que funciona con Shopify. Tienen muchas im\u00e1genes de alta calidad. Adem\u00e1s, esas son las im\u00e1genes libres de derechos. Sus fotos podr\u00edan usarse sin necesidad de atribuci\u00f3n.\n<hr \/>\n<strong><a href=\"https:\/\/www.canva.com\/\">Canva<\/a><\/strong><br \/>\nUtilice plantillas preformateadas para crear banners de redes sociales, gr\u00e1ficos para blogs, folletos de marketing y mucho m\u00e1s. Gratis y a prueba de idiotas, Canva har\u00e1 tu esfuerzo de marketing amateur y sin presupuesto y te har\u00e1 parecer un profesional experimentado.\n<hr \/>\n<strong><a href=\"https:\/\/pablo.buffer.com\/\">Pablo<\/a><\/strong><br \/>\nPuede crear una imagen para Facebook, Instagram e incluso Pinterest. Su funcionalidad para trabajar con todas las redes sociales.\n<hr \/>\n<strong><a href=\"https:\/\/prezi.com\/\">Prezi<\/a><\/strong><br \/>\nSoftware de presentaci\u00f3n que podr\u00eda dar vida a sus ideas y convertirlo en un gran presentador. Se puede utilizar como una alternativa a los programas tradicionales de creaci\u00f3n de diapositivas como PowerPoint.","protected":false},"excerpt":{"rendered":"<p>Recursos gratuitos para peque\u00f1as empresas El conocimiento es poder Los propietarios de peque\u00f1as empresas pasan sus d\u00edas concentr\u00e1ndose en su especialidad particular, pero hay una cosa que tienen en com\u00fan: todos tienen ...<\/p>","protected":false},"author":12,"featured_media":0,"parent":0,"menu_order":5,"comment_status":"closed","ping_status":"closed","template":"","meta":{"_acf_changed":false,"content-type":"","inline_featured_image":false,"footnotes":""},"class_list":["post-12823","page","type-page","status-publish","hentry"],"acf":[],"yoast_head":"<!-- This site is optimized with the Yoast SEO Premium plugin v21.3 (Yoast SEO v27.4) - https:\/\/yoast.com\/product\/yoast-seo-premium-wordpress\/ -->\n<title>Free Small Business Resources Every Business Owner Should Utilize<\/title>\n<meta name=\"description\" content=\"There are many free small business resources that every small business should familiarize themselves with and take advantage of. This page contains some of {:zh}Find SBA 504 loan resources here. TMC Financing is the largest SBA 504 lender serving California and Nevada. SBA 504 Loan Guide, Loan Comparison and more.{:es}Find SBA 504 loan resources here. TMC Financing is the largest SBA 504 lender serving California and Nevada. SBA 504 Loan Guide, Loan Comparison and more.\" \/>\n<meta name=\"robots\" content=\"index, follow, max-snippet:-1, max-image-preview:large, max-video-preview:-1\" \/>\n<link rel=\"canonical\" href=\"https:\/\/www.tmcfinancing.com\/es\/small-business-resources\/\" \/>\n<meta property=\"og:locale\" content=\"es_MX\" \/>\n<meta property=\"og:type\" content=\"article\" \/>\n<meta property=\"og:title\" content=\"Small Business Resources\" \/>\n<meta property=\"og:description\" content=\"There are many free small business resources that every small business should familiarize themselves with and take advantage of. This page contains some of {:zh}Find SBA 504 loan resources here. TMC Financing is the largest SBA 504 lender serving California and Nevada. SBA 504 Loan Guide, Loan Comparison and more.{:es}Find SBA 504 loan resources here. TMC Financing is the largest SBA 504 lender serving California and Nevada. SBA 504 Loan Guide, Loan Comparison and more.\" \/>\n<meta property=\"og:url\" content=\"https:\/\/www.tmcfinancing.com\/es\/small-business-resources\/\" \/>\n<meta property=\"og:site_name\" content=\"TMC Financing\" \/>\n<meta property=\"article:publisher\" content=\"http:\/\/www.facebook.com\/pages\/TMC-Financing\/285163574849957\" \/>\n<meta property=\"article:modified_time\" content=\"2025-01-07T15:08:58+00:00\" \/>\n<meta property=\"og:image\" content=\"https:\/\/www.tmcfinancing.com\/wp-content\/uploads\/2021\/05\/sba.png\" \/>\n<meta name=\"twitter:card\" content=\"summary_large_image\" \/>\n<meta name=\"twitter:site\" content=\"@TMCFinance\" \/>\n<meta name=\"twitter:label1\" content=\"Tiempo de lectura\" \/>\n\t<meta name=\"twitter:data1\" content=\"6 minutos\" \/>\n<!-- \/ Yoast SEO Premium plugin. -->","yoast_head_json":{"title":"Free Small Business Resources Every Business Owner Should Utilize","description":"There are many free small business resources that every small business should familiarize themselves with and take advantage of. This page contains some of {:zh}Find SBA 504 loan resources here. TMC Financing is the largest SBA 504 lender serving California and Nevada. SBA 504 Loan Guide, Loan Comparison and more.{:es}Find SBA 504 loan resources here. TMC Financing is the largest SBA 504 lender serving California and Nevada. SBA 504 Loan Guide, Loan Comparison and more.","robots":{"index":"index","follow":"follow","max-snippet":"max-snippet:-1","max-image-preview":"max-image-preview:large","max-video-preview":"max-video-preview:-1"},"canonical":"https:\/\/www.tmcfinancing.com\/es\/small-business-resources\/","og_locale":"es_MX","og_type":"article","og_title":"Small Business Resources","og_description":"There are many free small business resources that every small business should familiarize themselves with and take advantage of. This page contains some of {:zh}Find SBA 504 loan resources here. TMC Financing is the largest SBA 504 lender serving California and Nevada. SBA 504 Loan Guide, Loan Comparison and more.{:es}Find SBA 504 loan resources here. TMC Financing is the largest SBA 504 lender serving California and Nevada. SBA 504 Loan Guide, Loan Comparison and more.","og_url":"https:\/\/www.tmcfinancing.com\/es\/small-business-resources\/","og_site_name":"TMC Financing","article_publisher":"http:\/\/www.facebook.com\/pages\/TMC-Financing\/285163574849957","article_modified_time":"2025-01-07T15:08:58+00:00","og_image":[{"url":"https:\/\/www.tmcfinancing.com\/wp-content\/uploads\/2021\/05\/sba.png","type":"","width":"","height":""}],"twitter_card":"summary_large_image","twitter_site":"@TMCFinance","twitter_misc":{"Tiempo de lectura":"6 minutos"},"schema":{"@context":"https:\/\/schema.org","@graph":[{"@type":"WebPage","@id":"https:\/\/www.tmcfinancing.com\/small-business-resources\/","url":"https:\/\/www.tmcfinancing.com\/small-business-resources\/","name":"Free Small Business Resources Every Business Owner Should Utilize","isPartOf":{"@id":"https:\/\/www.tmcfinancing.com\/#website"},"primaryImageOfPage":{"@id":"https:\/\/www.tmcfinancing.com\/small-business-resources\/#primaryimage"},"image":{"@id":"https:\/\/www.tmcfinancing.com\/small-business-resources\/#primaryimage"},"thumbnailUrl":"https:\/\/www.tmcfinancing.com\/wp-content\/uploads\/2021\/05\/sba.png","datePublished":"2020-05-27T20:27:54+00:00","dateModified":"2025-01-07T15:08:58+00:00","description":"There are many free small business resources that every small business should familiarize themselves with and take advantage of. This page contains some of {:zh}Find SBA 504 loan resources here. TMC Financing is the largest SBA 504 lender serving California and Nevada. SBA 504 Loan Guide, Loan Comparison and more.{:es}Find SBA 504 loan resources here. TMC Financing is the largest SBA 504 lender serving California and Nevada. SBA 504 Loan Guide, Loan Comparison and more.","breadcrumb":{"@id":"https:\/\/www.tmcfinancing.com\/small-business-resources\/#breadcrumb"},"inLanguage":"es","potentialAction":[{"@type":"ReadAction","target":["https:\/\/www.tmcfinancing.com\/small-business-resources\/"]}]},{"@type":"ImageObject","inLanguage":"es","@id":"https:\/\/www.tmcfinancing.com\/small-business-resources\/#primaryimage","url":"https:\/\/www.tmcfinancing.com\/wp-content\/uploads\/2021\/05\/sba.png","contentUrl":"https:\/\/www.tmcfinancing.com\/wp-content\/uploads\/2021\/05\/sba.png"},{"@type":"BreadcrumbList","@id":"https:\/\/www.tmcfinancing.com\/small-business-resources\/#breadcrumb","itemListElement":[{"@type":"ListItem","position":1,"name":"Home","item":"https:\/\/www.tmcfinancing.com\/"},{"@type":"ListItem","position":2,"name":"Small Business Resources"}]},{"@type":"WebSite","@id":"https:\/\/www.tmcfinancing.com\/#website","url":"https:\/\/www.tmcfinancing.com\/","name":"Financiamiento TMC","description":"Prestamista No. 1 de la SBA 504 en la naci\u00f3n","publisher":{"@id":"https:\/\/www.tmcfinancing.com\/#organization"},"potentialAction":[{"@type":"SearchAction","target":{"@type":"EntryPoint","urlTemplate":"https:\/\/www.tmcfinancing.com\/?s={search_term_string}"},"query-input":{"@type":"PropertyValueSpecification","valueRequired":true,"valueName":"search_term_string"}}],"inLanguage":"es"},{"@type":"Organization","@id":"https:\/\/www.tmcfinancing.com\/#organization","name":"TMC Financing, Inc.","url":"https:\/\/www.tmcfinancing.com\/","logo":{"@type":"ImageObject","inLanguage":"es","@id":"https:\/\/www.tmcfinancing.com\/#\/schema\/logo\/image\/","url":"https:\/\/www.tmcfinancing.com\/wp-content\/uploads\/2015\/08\/logo.png","contentUrl":"https:\/\/www.tmcfinancing.com\/wp-content\/uploads\/2015\/08\/logo.png","width":130,"height":133,"caption":"TMC Financing, Inc."},"image":{"@id":"https:\/\/www.tmcfinancing.com\/#\/schema\/logo\/image\/"},"sameAs":["http:\/\/www.facebook.com\/pages\/TMC-Financing\/285163574849957","https:\/\/x.com\/TMCFinance","http:\/\/www.linkedin.com\/company\/57173","http:\/\/www.youtube.com\/user\/tmcfinancingTV"]}]}},"_links":{"self":[{"href":"https:\/\/www.tmcfinancing.com\/es\/wp-json\/wp\/v2\/pages\/12823","targetHints":{"allow":["GET"]}}],"collection":[{"href":"https:\/\/www.tmcfinancing.com\/es\/wp-json\/wp\/v2\/pages"}],"about":[{"href":"https:\/\/www.tmcfinancing.com\/es\/wp-json\/wp\/v2\/types\/page"}],"author":[{"embeddable":true,"href":"https:\/\/www.tmcfinancing.com\/es\/wp-json\/wp\/v2\/users\/12"}],"replies":[{"embeddable":true,"href":"https:\/\/www.tmcfinancing.com\/es\/wp-json\/wp\/v2\/comments?post=12823"}],"version-history":[{"count":0,"href":"https:\/\/www.tmcfinancing.com\/es\/wp-json\/wp\/v2\/pages\/12823\/revisions"}],"wp:attachment":[{"href":"https:\/\/www.tmcfinancing.com\/es\/wp-json\/wp\/v2\/media?parent=12823"}],"curies":[{"name":"wp","href":"https:\/\/api.w.org\/{rel}","templated":true}]}}