{"id":11808,"date":"2020-01-02T10:21:23","date_gmt":"2020-01-02T18:21:23","guid":{"rendered":"https:\/\/www.tmcfinancing.com\/?page_id=11808"},"modified":"2023-11-27T13:53:14","modified_gmt":"2023-11-27T21:53:14","slug":"bryce-fennell","status":"publish","type":"page","link":"https:\/\/www.tmcfinancing.com\/es\/contact\/bryce-fennell\/","title":{"rendered":"Bryce Fennell, contador p\u00fablico certificado"},"content":{"rendered":"<a href=\"https:\/\/www.tmcfinancing.com\/es\/\">Casa<\/a> \u00bb <a href=\"https:\/\/www.tmcfinancing.com\/es\/testimonial-category\/bdos\/\">BDOs<\/a> \u00bb <a href=\"https:\/\/www.tmcfinancing.com\/es\/testimonial-category\/bryce-fennell\/\">Bryce Fennell<\/a> \u00bb <strong>Sanjeev Bhanot, Owner, Motel 6 Watsonville<\/strong>\t\t\t\t\n\t\t\t\t\t\t<img width=\"320\" height=\"320\" src=\"\/\/www.tmcfinancing.com\/wp-content\/plugins\/a3-lazy-load\/assets\/images\/lazy_placeholder.gif\" data-lazy-type=\"image\" data-src=\"https:\/\/www.tmcfinancing.com\/wp-content\/uploads\/2020\/01\/Bryce-Fennell-Square-320x320.jpg\" alt=\"\" decoding=\"async\" loading=\"lazy\" srcset=\"\" data-srcset=\"https:\/\/www.tmcfinancing.com\/wp-content\/uploads\/2020\/01\/Bryce-Fennell-Square-320x320.jpg 320w, https:\/\/www.tmcfinancing.com\/wp-content\/uploads\/2020\/01\/Bryce-Fennell-Square-300x300.jpg 300w, https:\/\/www.tmcfinancing.com\/wp-content\/uploads\/2020\/01\/Bryce-Fennell-Square-1024x1024.jpg 1024w, https:\/\/www.tmcfinancing.com\/wp-content\/uploads\/2020\/01\/Bryce-Fennell-Square-150x150.jpg 150w, https:\/\/www.tmcfinancing.com\/wp-content\/uploads\/2020\/01\/Bryce-Fennell-Square-768x768.jpg 768w, https:\/\/www.tmcfinancing.com\/wp-content\/uploads\/2020\/01\/Bryce-Fennell-Square-400x400.jpg 400w, https:\/\/www.tmcfinancing.com\/wp-content\/uploads\/2020\/01\/Bryce-Fennell-Square-1536x1536.jpg 1536w, https:\/\/www.tmcfinancing.com\/wp-content\/uploads\/2020\/01\/Bryce-Fennell-Square-2048x2048.jpg 2048w, https:\/\/www.tmcfinancing.com\/wp-content\/uploads\/2020\/01\/Bryce-Fennell-Square-12x12.jpg 12w, https:\/\/www.tmcfinancing.com\/wp-content\/uploads\/2020\/01\/Bryce-Fennell-Square-50x50.jpg 50w, https:\/\/www.tmcfinancing.com\/wp-content\/uploads\/2020\/01\/Bryce-Fennell-Square-200x200.jpg 200w\" sizes=\"auto, (max-width: 320px) 100vw, 320px\" \/><img width=\"320\" height=\"320\" src=\"https:\/\/www.tmcfinancing.com\/wp-content\/uploads\/2020\/01\/Bryce-Fennell-Square-320x320.jpg\" alt=\"\" decoding=\"async\" loading=\"lazy\" srcset=\"https:\/\/www.tmcfinancing.com\/wp-content\/uploads\/2020\/01\/Bryce-Fennell-Square-320x320.jpg 320w, https:\/\/www.tmcfinancing.com\/wp-content\/uploads\/2020\/01\/Bryce-Fennell-Square-300x300.jpg 300w, https:\/\/www.tmcfinancing.com\/wp-content\/uploads\/2020\/01\/Bryce-Fennell-Square-1024x1024.jpg 1024w, https:\/\/www.tmcfinancing.com\/wp-content\/uploads\/2020\/01\/Bryce-Fennell-Square-150x150.jpg 150w, https:\/\/www.tmcfinancing.com\/wp-content\/uploads\/2020\/01\/Bryce-Fennell-Square-768x768.jpg 768w, https:\/\/www.tmcfinancing.com\/wp-content\/uploads\/2020\/01\/Bryce-Fennell-Square-400x400.jpg 400w, https:\/\/www.tmcfinancing.com\/wp-content\/uploads\/2020\/01\/Bryce-Fennell-Square-1536x1536.jpg 1536w, https:\/\/www.tmcfinancing.com\/wp-content\/uploads\/2020\/01\/Bryce-Fennell-Square-2048x2048.jpg 2048w, https:\/\/www.tmcfinancing.com\/wp-content\/uploads\/2020\/01\/Bryce-Fennell-Square-12x12.jpg 12w, https:\/\/www.tmcfinancing.com\/wp-content\/uploads\/2020\/01\/Bryce-Fennell-Square-50x50.jpg 50w, https:\/\/www.tmcfinancing.com\/wp-content\/uploads\/2020\/01\/Bryce-Fennell-Square-200x200.jpg 200w\" sizes=\"auto, (max-width: 320px) 100vw, 320px\" \/>\t\t\t\t\t\t<hr \/>\n\t\t\t\t\t\t\t\t\t\t\t\t\tCorreo electr\u00f3nico\n\t\t\t\t\t\t\t<p><a href=\"mailto:bryce@tmcfinancing.com\">bryce@tmcfinancing.com<\/a><\/p>\n\t\t\t\t\t\t\t\t\t\t\t\t\tTel\u00e9fono\n\t\t\t\t\t\t\t<p>925.285.9868<\/p>\n\t\t\t\t\t\t\t\t\t\t\t\t\tM\u00f3vil\n\t\t\t\t\t\t\t<p>925.285.9868<\/p>\n\t\t\t\t\t\t\t\t\t\t\t\t\tLinkedIn\n\t\t\t\t\t\t\t<p><a href=\"https:\/\/www.linkedin.com\/in\/bryce-fennell-0123\/\" target=\"_blank\" rel=\"noopener\">Ver perfil en LinkedIn<\/a><\/p>\n\t\t\t\t\t\t\t\t\t\t\t\t\tLocation\n\t\t\t\t\t\t\t1611 Telegraph Ave, Suite 504<br \/>\nOakland, CA 94612\n\t\t\t\t\t\t\t\t\t\t\t\t\tRegion\n\t\t\t\t\t\t\t<p>East Bay, California<\/p>\n\t\t\t\t\t\t<h1>Bryce Fennell, contador p\u00fablico certificado<\/h1>\n\t\t\t\t\t\t<p>Vicepresidente s\u00e9nior de desarrollo empresarial <\/p>\n\t\t\t\t\t\t\t\t\t\t\t\t\t<hr \/>\n\t\t\t\t\t\t\t<p>Bryce Fennell is a senior vice president of business development at TMC Financing, partnering with commercial lenders, real estate brokers and business owners in the East Bay to maximize each borrower&#8217;s value by tapping into the benefits of the SBA 504 Program.<\/p>\n<p>As a licensed CPA and real estate sales agent with over seven years of experience in public accounting and commercial real estate, Bryce offers a high level of technical expertise and a thorough understanding of small business operations and commercial real estate transactions. Bryce&#8217;s depth of knowledge allows him to navigate the loan process efficiently and smartly for his small business clients. He guides borrowers through the entire SBA lending process and acts as their advocate to ensure they receive the most favorable financing package.<\/p>\n<p>Antes de unirse a TMC, Bryce trabaj\u00f3 en Windes, Inc., una firma de contadores p\u00fablicos en el sur de California, donde pas\u00f3 un a\u00f1o enfoc\u00e1ndose en impuestos a las peque\u00f1as empresas y tres a\u00f1os como auditor de estados financieros para las industrias de manufactura, bienes ra\u00edces y construcci\u00f3n. Adem\u00e1s de su experiencia en contabilidad p\u00fablica, Bryce tambi\u00e9n trabaj\u00f3 como analista financiero para Faris Lee Investments, suscribiendo transacciones inmobiliarias. Bryce se gradu\u00f3 de Chico State en 2013 con una especializaci\u00f3n en finanzas y una especializaci\u00f3n en contabilidad.<\/p>\n\t\t\t\t\t\t\t<hr>\n\t\t\t\t\t\t\t<h2>Testimonios<\/h2>\n\t\t\t\t\t\t\t\t\t\t\t\t\t\t\t\t\t\t<blockquote>\n\t\t\t\t\t\t\t\t\t\t\t\t\t\t\t\t\t\t\t\t\t\t\t\t<p>I&#8217;m glad we made the switch to TMC because purchasing real estate is a big step, a step we wanted to take to create a better tomorrow for our families. Bryce and the SBA believed in what we were doing, and it really helped us paint a long-term picture for success. <a href=\"https:\/\/www.tmcfinancing.com\/es\/bandon-marina\/\" target=\"_blank\" rel=\"noopener\">Lee mas<\/a><\/p>\n\t\t\t\t\t\t\t\t\t\t\t<\/blockquote>\n\t\t\t\t\t\t\t\t\t\t\t\n\t\t\t\t\t\t\t\t\t\t\t\t\t\t\t\t\t\t\t\t\t\t\t\t\t&#8211; Josh Boone, Owner, Bandon Marina\t\t\t\t\t\t\t\t\t\t\t\t\t\t\t\t\t\t\t\t\t\t\t\n\t\t\t\t\t\t\t\t\t\t\t\t\t\t\t\t\t\t\t\t\t<blockquote>\n\t\t\t\t\t\t\t\t\t\t\t\t\t\t\t\t\t\t\t\t\t\t\t\t<p>Working with Bryce and the TMC team was great. We only had to come up with 10 percent down with the 504 loan said Perez. It&#8217;s the most affordable option out there.<\/p>\n\t\t\t\t\t\t\t\t\t\t\t<\/blockquote>\n\t\t\t\t\t\t\t\t\t\t\t\n\t\t\t\t\t\t\t\t\t\t\t\t\t\t\t\t\t\t\t\t\t\t\t\t\t&#8211; Erica Perez, Owner, Oaktown Spice Shop\t\t\t\t\t\t\t\t\t\t\t\t\t\t\t\t\t\t\t\t\t\t\t\n\t\t\t\t\t\t\t\t\t\t\t\t\t\t\t\t\t\t\t\t\t<blockquote>\n\t\t\t\t\t\t\t\t\t\t\t\t\t\t\t\t\t\t\t\t\t\t\t\t<p>Bryce was very professional and engaged throughout the whole process. He kept things moving along efficiently!<\/p>\n\t\t\t\t\t\t\t\t\t\t\t<\/blockquote>\n\t\t\t\t\t\t\t\t\t\t\t\n\t\t\t\t\t\t\t\t\t\t\t\t\t\t\t\t\t\t\t\t\t\t\t\t\t&#8211; Sanjeev Bhanot, Owner, Motel 6 Watsonville","protected":false},"excerpt":{"rendered":"<p>Home \u00bb BDOs \u00bb Bryce Fennell \u00bb Sanjeev Bhanot, Owner, Motel 6 Watsonville Email bryce@tmcfinancing.com Phone 925.285.9868 Mobile 925.285.9868 LinkedIn View Profile on LinkedIn Location 1611 Telegraph Ave, Suite 504&#8230;<\/p>","protected":false},"author":12,"featured_media":0,"parent":17403,"menu_order":0,"comment_status":"closed","ping_status":"closed","template":"","meta":{"_acf_changed":false,"content-type":"","inline_featured_image":false,"footnotes":""},"class_list":["post-11808","page","type-page","status-publish","hentry"],"acf":[],"yoast_head":"<!-- This site is optimized with the Yoast SEO Premium plugin v21.3 (Yoast SEO v27.4) - https:\/\/yoast.com\/product\/yoast-seo-premium-wordpress\/ -->\n<title>Bryce Fennell, TMC Financing | SBA Financing in the East Bay<\/title>\n<meta name=\"description\" content=\"Bryce Fennell is a business development officer for TMC Financing, serving lenders, brokers and small businesses as part of TMC\u2019s East Bay team.{:zh}Jennine Gilmer is a business development associate for TMC Financing, serving lenders, brokers and small businesses as part of TMC\u2019s Southern California team.{:es}Jennine Gilmer is a business development associate for TMC Financing, serving lenders, brokers and small businesses as part of TMC\u2019s Southern California team.\" \/>\n<meta name=\"robots\" content=\"index, follow, max-snippet:-1, max-image-preview:large, max-video-preview:-1\" \/>\n<link rel=\"canonical\" href=\"https:\/\/www.tmcfinancing.com\/es\/contact\/bryce-fennell\/\" \/>\n<meta property=\"og:locale\" content=\"es_MX\" \/>\n<meta property=\"og:type\" content=\"article\" \/>\n<meta property=\"og:title\" content=\"Bryce Fennell, CPA\" \/>\n<meta property=\"og:description\" content=\"Bryce Fennell is a business development officer for TMC Financing, serving lenders, brokers and small businesses as part of TMC\u2019s East Bay team.{:zh}Jennine Gilmer is a business development associate for TMC Financing, serving lenders, brokers and small businesses as part of TMC\u2019s Southern California team.{:es}Jennine Gilmer is a business development associate for TMC Financing, serving lenders, brokers and small businesses as part of TMC\u2019s Southern California team.\" \/>\n<meta property=\"og:url\" content=\"https:\/\/www.tmcfinancing.com\/es\/contact\/bryce-fennell\/\" \/>\n<meta property=\"og:site_name\" content=\"TMC Financing\" \/>\n<meta property=\"article:publisher\" content=\"http:\/\/www.facebook.com\/pages\/TMC-Financing\/285163574849957\" \/>\n<meta property=\"article:modified_time\" content=\"2023-11-27T21:53:14+00:00\" \/>\n<meta property=\"og:image\" content=\"https:\/\/www.tmcfinancing.com\/wp-content\/uploads\/2020\/01\/Bryce-Fennell-Square-320x320.jpg\" \/>\n<meta name=\"twitter:card\" content=\"summary_large_image\" \/>\n<meta name=\"twitter:site\" content=\"@TMCFinance\" \/>\n<meta name=\"twitter:label1\" content=\"Tiempo de lectura\" \/>\n\t<meta name=\"twitter:data1\" content=\"2 minutos\" \/>\n<!-- \/ Yoast SEO Premium plugin. -->","yoast_head_json":{"title":"Bryce Fennell, TMC Financing | SBA Financing in the East Bay","description":"Bryce Fennell is a business development officer for TMC Financing, serving lenders, brokers and small businesses as part of TMC\u2019s East Bay team.{:zh}Jennine Gilmer is a business development associate for TMC Financing, serving lenders, brokers and small businesses as part of TMC\u2019s Southern California team.{:es}Jennine Gilmer is a business development associate for TMC Financing, serving lenders, brokers and small businesses as part of TMC\u2019s Southern California team.","robots":{"index":"index","follow":"follow","max-snippet":"max-snippet:-1","max-image-preview":"max-image-preview:large","max-video-preview":"max-video-preview:-1"},"canonical":"https:\/\/www.tmcfinancing.com\/es\/contact\/bryce-fennell\/","og_locale":"es_MX","og_type":"article","og_title":"Bryce Fennell, CPA","og_description":"Bryce Fennell is a business development officer for TMC Financing, serving lenders, brokers and small businesses as part of TMC\u2019s East Bay team.{:zh}Jennine Gilmer is a business development associate for TMC Financing, serving lenders, brokers and small businesses as part of TMC\u2019s Southern California team.{:es}Jennine Gilmer is a business development associate for TMC Financing, serving lenders, brokers and small businesses as part of TMC\u2019s Southern California team.","og_url":"https:\/\/www.tmcfinancing.com\/es\/contact\/bryce-fennell\/","og_site_name":"TMC Financing","article_publisher":"http:\/\/www.facebook.com\/pages\/TMC-Financing\/285163574849957","article_modified_time":"2023-11-27T21:53:14+00:00","og_image":[{"url":"https:\/\/www.tmcfinancing.com\/wp-content\/uploads\/2020\/01\/Bryce-Fennell-Square-320x320.jpg","type":"","width":"","height":""}],"twitter_card":"summary_large_image","twitter_site":"@TMCFinance","twitter_misc":{"Tiempo de lectura":"2 minutos"},"schema":{"@context":"https:\/\/schema.org","@graph":[{"@type":"WebPage","@id":"https:\/\/www.tmcfinancing.com\/contact\/bryce-fennell\/","url":"https:\/\/www.tmcfinancing.com\/contact\/bryce-fennell\/","name":"Bryce Fennell, TMC Financing | SBA Financing in the East Bay","isPartOf":{"@id":"https:\/\/www.tmcfinancing.com\/#website"},"primaryImageOfPage":{"@id":"https:\/\/www.tmcfinancing.com\/contact\/bryce-fennell\/#primaryimage"},"image":{"@id":"https:\/\/www.tmcfinancing.com\/contact\/bryce-fennell\/#primaryimage"},"thumbnailUrl":"https:\/\/www.tmcfinancing.com\/wp-content\/uploads\/2020\/01\/Bryce-Fennell-Square-320x320.jpg","datePublished":"2020-01-02T18:21:23+00:00","dateModified":"2023-11-27T21:53:14+00:00","description":"Bryce Fennell is a business development officer for TMC Financing, serving lenders, brokers and small businesses as part of TMC\u2019s East Bay team.{:zh}Jennine Gilmer is a business development associate for TMC Financing, serving lenders, brokers and small businesses as part of TMC\u2019s Southern California team.{:es}Jennine Gilmer is a business development associate for TMC Financing, serving lenders, brokers and small businesses as part of TMC\u2019s Southern California team.","breadcrumb":{"@id":"https:\/\/www.tmcfinancing.com\/contact\/bryce-fennell\/#breadcrumb"},"inLanguage":"es","potentialAction":[{"@type":"ReadAction","target":["https:\/\/www.tmcfinancing.com\/contact\/bryce-fennell\/"]}]},{"@type":"ImageObject","inLanguage":"es","@id":"https:\/\/www.tmcfinancing.com\/contact\/bryce-fennell\/#primaryimage","url":"https:\/\/www.tmcfinancing.com\/wp-content\/uploads\/2020\/01\/Bryce-Fennell-Square-320x320.jpg","contentUrl":"https:\/\/www.tmcfinancing.com\/wp-content\/uploads\/2020\/01\/Bryce-Fennell-Square-320x320.jpg"},{"@type":"BreadcrumbList","@id":"https:\/\/www.tmcfinancing.com\/contact\/bryce-fennell\/#breadcrumb","itemListElement":[{"@type":"ListItem","position":1,"name":"Home","item":"https:\/\/www.tmcfinancing.com\/"},{"@type":"ListItem","position":2,"name":"Contact","item":"https:\/\/www.tmcfinancing.com\/contact\/"},{"@type":"ListItem","position":3,"name":"Bryce Fennell, CPA"}]},{"@type":"WebSite","@id":"https:\/\/www.tmcfinancing.com\/#website","url":"https:\/\/www.tmcfinancing.com\/","name":"Financiamiento TMC","description":"Prestamista No. 1 de la SBA 504 en la naci\u00f3n","publisher":{"@id":"https:\/\/www.tmcfinancing.com\/#organization"},"potentialAction":[{"@type":"SearchAction","target":{"@type":"EntryPoint","urlTemplate":"https:\/\/www.tmcfinancing.com\/?s={search_term_string}"},"query-input":{"@type":"PropertyValueSpecification","valueRequired":true,"valueName":"search_term_string"}}],"inLanguage":"es"},{"@type":"Organization","@id":"https:\/\/www.tmcfinancing.com\/#organization","name":"TMC Financing, Inc.","url":"https:\/\/www.tmcfinancing.com\/","logo":{"@type":"ImageObject","inLanguage":"es","@id":"https:\/\/www.tmcfinancing.com\/#\/schema\/logo\/image\/","url":"https:\/\/www.tmcfinancing.com\/wp-content\/uploads\/2015\/08\/logo.png","contentUrl":"https:\/\/www.tmcfinancing.com\/wp-content\/uploads\/2015\/08\/logo.png","width":130,"height":133,"caption":"TMC Financing, Inc."},"image":{"@id":"https:\/\/www.tmcfinancing.com\/#\/schema\/logo\/image\/"},"sameAs":["http:\/\/www.facebook.com\/pages\/TMC-Financing\/285163574849957","https:\/\/x.com\/TMCFinance","http:\/\/www.linkedin.com\/company\/57173","http:\/\/www.youtube.com\/user\/tmcfinancingTV"]}]}},"_links":{"self":[{"href":"https:\/\/www.tmcfinancing.com\/es\/wp-json\/wp\/v2\/pages\/11808","targetHints":{"allow":["GET"]}}],"collection":[{"href":"https:\/\/www.tmcfinancing.com\/es\/wp-json\/wp\/v2\/pages"}],"about":[{"href":"https:\/\/www.tmcfinancing.com\/es\/wp-json\/wp\/v2\/types\/page"}],"author":[{"embeddable":true,"href":"https:\/\/www.tmcfinancing.com\/es\/wp-json\/wp\/v2\/users\/12"}],"replies":[{"embeddable":true,"href":"https:\/\/www.tmcfinancing.com\/es\/wp-json\/wp\/v2\/comments?post=11808"}],"version-history":[{"count":0,"href":"https:\/\/www.tmcfinancing.com\/es\/wp-json\/wp\/v2\/pages\/11808\/revisions"}],"up":[{"embeddable":true,"href":"https:\/\/www.tmcfinancing.com\/es\/wp-json\/wp\/v2\/pages\/17403"}],"wp:attachment":[{"href":"https:\/\/www.tmcfinancing.com\/es\/wp-json\/wp\/v2\/media?parent=11808"}],"curies":[{"name":"wp","href":"https:\/\/api.w.org\/{rel}","templated":true}]}}