{"id":10391,"date":"2020-12-14T11:13:16","date_gmt":"2020-12-14T19:13:16","guid":{"rendered":"https:\/\/www.tmcfinancing.com\/?page_id=10391"},"modified":"2025-02-20T07:33:30","modified_gmt":"2025-02-20T15:33:30","slug":"sba-community-advantage-loans","status":"publish","type":"page","link":"https:\/\/www.tmcfinancing.com\/es\/business-financing\/sba-community-advantage-loans\/","title":{"rendered":"Pr\u00e9stamos de ventaja comunitaria de la SBA"},"content":{"rendered":"\n<h1>\n\t\tSmall Business Loan\n\t<\/h1>\n<h2>\n\t\tCommunity Advantage Loan Program\n\t<\/h2>\n<blockquote>\n<h2>An affordable financing option designed to help small business owners at any stage in their business.<\/h2>\n<\/blockquote>\n<p>If your business operates in an underserved area in Arizona, California or Nevada, you may be eligible for an SBA Community Advantage Loan. This loan option is an affordable financing option designed to help small business owners at any stage in their business. The loan can be used to purchase inventory or equipment, for working capital, tenant improvements, or other business expenses.<\/p>\n<ul>\n<li>Minimum loan amount <strong>$50,000 to maximum loan amount $350,000<\/strong><\/li>\n<li><strong>Loan term of 7-25 years<\/strong>, depending on the use of funds<\/li>\n<li>Variable rate\u00a0tied to Prime<\/li>\n<li>Streamlined, simplified paperwork and <strong>speedy approval process<\/strong><\/li>\n<\/ul>\n\t\t\t<a href=\"mailto:communityadvantage@tmcfinancing.com\" target=\"_self\">\n\t\t\t\t\t\t\tEmail a Community Advantage Loan Expert\n\t\t\t<\/a>\n<h4>Features<\/h4>\n<ul>\n<li>Available for start-up and existing businesses<\/li>\n<li>SBA\u00a0guarantee allows us to provide financing at a competitive rate<\/li>\n<li><strong>Affordable capital<\/strong>\u00a0compared to other nontraditional loans<\/li>\n<li>Funds can be used for working capital, operating expenses, tenant improvements, equipment, business acquisition, and refinancing of business debt<\/li>\n<li>Complimentary business counseling<\/li>\n<li><strong>No prepayment penalties<\/strong> if real estate is not involved<\/li>\n<\/ul>\n<h4>Eligibility<\/h4>\n<ul>\n<li>Credit: Must have a reasonable personal credit score and an acceptable explanation for any derogatory marks for principal borrowers<\/li>\n<li>Capital investment: startups 20%, business acquisitions 10%<\/li>\n<li>Show sufficient cash flow to make payments<\/li>\n<li>Projections reviewed for businesses affected by COVID-19<\/li>\n<li>Flexibility to waive some requirements for businesses in low-moderate income communities and veteran-owned businesses<\/li>\n<\/ul>\n<h4>Areas Served<\/h4>\n<p>Arizona, California, Nevada<\/p>\n\t<h3>Get Started<\/h3>\n<p>Fill out the form below to see if you are eligible for the Community Advantage loan program.<\/p>\n<!-- [if lte IE 8]>\n<![endif]--><br \/>\n<br \/>\n\n\n","protected":false},"excerpt":{"rendered":"<p>Pr\u00e9stamo para peque\u00f1as empresas Programa de pr\u00e9stamos Community Advantage Una opci\u00f3n de financiaci\u00f3n asequible dise\u00f1ada para ayudar a los propietarios de peque\u00f1as empresas en cualquier etapa de su negocio. Si su empresa opera en un sector desatendido...<\/p>","protected":false},"author":12,"featured_media":0,"parent":37,"menu_order":0,"comment_status":"open","ping_status":"closed","template":"","meta":{"_acf_changed":false,"content-type":"","inline_featured_image":false,"footnotes":""},"class_list":["post-10391","page","type-page","status-publish","hentry"],"acf":[],"yoast_head":"<!-- This site is optimized with the Yoast SEO Premium plugin v21.3 (Yoast SEO v27.4) - https:\/\/yoast.com\/product\/yoast-seo-premium-wordpress\/ -->\n<title>SBA Community Advantage Loans<\/title>\n<meta name=\"description\" content=\"SBA Community Advantage Loans benefit businesses operating in underserved areas in California. $50K-$350K for working capital, etc. Learn more.\" \/>\n<meta name=\"robots\" content=\"index, follow, max-snippet:-1, max-image-preview:large, max-video-preview:-1\" \/>\n<link rel=\"canonical\" href=\"https:\/\/www.tmcfinancing.com\/es\/business-financing\/sba-community-advantage-loans\/\" \/>\n<meta property=\"og:locale\" content=\"es_MX\" \/>\n<meta property=\"og:type\" content=\"article\" \/>\n<meta property=\"og:title\" content=\"SBA Community Advantage Loans\" \/>\n<meta property=\"og:description\" content=\"SBA Community Advantage Loans benefit businesses operating in underserved areas in California. $50K-$350K for working capital, etc. Learn more.\" \/>\n<meta property=\"og:url\" content=\"https:\/\/www.tmcfinancing.com\/es\/business-financing\/sba-community-advantage-loans\/\" \/>\n<meta property=\"og:site_name\" content=\"TMC Financing\" \/>\n<meta property=\"article:publisher\" content=\"http:\/\/www.facebook.com\/pages\/TMC-Financing\/285163574849957\" \/>\n<meta property=\"article:modified_time\" content=\"2025-02-20T15:33:30+00:00\" \/>\n<meta name=\"twitter:card\" content=\"summary_large_image\" \/>\n<meta name=\"twitter:site\" content=\"@TMCFinance\" \/>\n<meta name=\"twitter:label1\" content=\"Tiempo de lectura\" \/>\n\t<meta name=\"twitter:data1\" content=\"2 minutos\" \/>\n<!-- \/ Yoast SEO Premium plugin. -->","yoast_head_json":{"title":"Pr\u00e9stamos de ventaja comunitaria de la SBA","description":"SBA Community Advantage Loans benefit businesses operating in underserved areas in California. $50K-$350K for working capital, etc. Learn more.","robots":{"index":"index","follow":"follow","max-snippet":"max-snippet:-1","max-image-preview":"max-image-preview:large","max-video-preview":"max-video-preview:-1"},"canonical":"https:\/\/www.tmcfinancing.com\/es\/business-financing\/sba-community-advantage-loans\/","og_locale":"es_MX","og_type":"article","og_title":"SBA Community Advantage Loans","og_description":"SBA Community Advantage Loans benefit businesses operating in underserved areas in California. $50K-$350K for working capital, etc. Learn more.","og_url":"https:\/\/www.tmcfinancing.com\/es\/business-financing\/sba-community-advantage-loans\/","og_site_name":"TMC Financing","article_publisher":"http:\/\/www.facebook.com\/pages\/TMC-Financing\/285163574849957","article_modified_time":"2025-02-20T15:33:30+00:00","twitter_card":"summary_large_image","twitter_site":"@TMCFinance","twitter_misc":{"Tiempo de lectura":"2 minutos"},"schema":{"@context":"https:\/\/schema.org","@graph":[{"@type":"WebPage","@id":"https:\/\/www.tmcfinancing.com\/business-financing\/sba-community-advantage-loans\/","url":"https:\/\/www.tmcfinancing.com\/business-financing\/sba-community-advantage-loans\/","name":"Pr\u00e9stamos de ventaja comunitaria de la SBA","isPartOf":{"@id":"https:\/\/www.tmcfinancing.com\/#website"},"datePublished":"2020-12-14T19:13:16+00:00","dateModified":"2025-02-20T15:33:30+00:00","description":"SBA Community Advantage Loans benefit businesses operating in underserved areas in California. $50K-$350K for working capital, etc. Learn more.","breadcrumb":{"@id":"https:\/\/www.tmcfinancing.com\/business-financing\/sba-community-advantage-loans\/#breadcrumb"},"inLanguage":"es","potentialAction":[{"@type":"ReadAction","target":["https:\/\/www.tmcfinancing.com\/business-financing\/sba-community-advantage-loans\/"]}]},{"@type":"BreadcrumbList","@id":"https:\/\/www.tmcfinancing.com\/business-financing\/sba-community-advantage-loans\/#breadcrumb","itemListElement":[{"@type":"ListItem","position":1,"name":"Home","item":"https:\/\/www.tmcfinancing.com\/"},{"@type":"ListItem","position":2,"name":"Find the Right Business Financing","item":"https:\/\/www.tmcfinancing.com\/business-financing\/"},{"@type":"ListItem","position":3,"name":"SBA Community Advantage Loans"}]},{"@type":"WebSite","@id":"https:\/\/www.tmcfinancing.com\/#website","url":"https:\/\/www.tmcfinancing.com\/","name":"Financiamiento TMC","description":"Prestamista No. 1 de la SBA 504 en la naci\u00f3n","publisher":{"@id":"https:\/\/www.tmcfinancing.com\/#organization"},"potentialAction":[{"@type":"SearchAction","target":{"@type":"EntryPoint","urlTemplate":"https:\/\/www.tmcfinancing.com\/?s={search_term_string}"},"query-input":{"@type":"PropertyValueSpecification","valueRequired":true,"valueName":"search_term_string"}}],"inLanguage":"es"},{"@type":"Organization","@id":"https:\/\/www.tmcfinancing.com\/#organization","name":"TMC Financing, Inc.","url":"https:\/\/www.tmcfinancing.com\/","logo":{"@type":"ImageObject","inLanguage":"es","@id":"https:\/\/www.tmcfinancing.com\/#\/schema\/logo\/image\/","url":"https:\/\/www.tmcfinancing.com\/wp-content\/uploads\/2015\/08\/logo.png","contentUrl":"https:\/\/www.tmcfinancing.com\/wp-content\/uploads\/2015\/08\/logo.png","width":130,"height":133,"caption":"TMC Financing, Inc."},"image":{"@id":"https:\/\/www.tmcfinancing.com\/#\/schema\/logo\/image\/"},"sameAs":["http:\/\/www.facebook.com\/pages\/TMC-Financing\/285163574849957","https:\/\/x.com\/TMCFinance","http:\/\/www.linkedin.com\/company\/57173","http:\/\/www.youtube.com\/user\/tmcfinancingTV"]}]}},"_links":{"self":[{"href":"https:\/\/www.tmcfinancing.com\/es\/wp-json\/wp\/v2\/pages\/10391","targetHints":{"allow":["GET"]}}],"collection":[{"href":"https:\/\/www.tmcfinancing.com\/es\/wp-json\/wp\/v2\/pages"}],"about":[{"href":"https:\/\/www.tmcfinancing.com\/es\/wp-json\/wp\/v2\/types\/page"}],"author":[{"embeddable":true,"href":"https:\/\/www.tmcfinancing.com\/es\/wp-json\/wp\/v2\/users\/12"}],"replies":[{"embeddable":true,"href":"https:\/\/www.tmcfinancing.com\/es\/wp-json\/wp\/v2\/comments?post=10391"}],"version-history":[{"count":0,"href":"https:\/\/www.tmcfinancing.com\/es\/wp-json\/wp\/v2\/pages\/10391\/revisions"}],"up":[{"embeddable":true,"href":"https:\/\/www.tmcfinancing.com\/es\/wp-json\/wp\/v2\/pages\/37"}],"wp:attachment":[{"href":"https:\/\/www.tmcfinancing.com\/es\/wp-json\/wp\/v2\/media?parent=10391"}],"curies":[{"name":"wp","href":"https:\/\/api.w.org\/{rel}","templated":true}]}}